{"id":99,"date":"2025-10-06T22:57:00","date_gmt":"2025-10-06T22:57:00","guid":{"rendered":"https:\/\/lorenzoc.cl\/?post_type=product&#038;p=99"},"modified":"2025-10-06T23:01:39","modified_gmt":"2025-10-06T23:01:39","slug":"cafe-de-especialidad-nicaragua-monte-cristo-tostado-medio-250-grs","status":"publish","type":"product","link":"https:\/\/lorenzoc.cl\/index.php\/producto\/cafe-de-especialidad-nicaragua-monte-cristo-tostado-medio-250-grs\/","title":{"rendered":"Caf\u00e9 de especialidad Nicaragua Monte Cristo Tostado medio 250 Grs"},"content":{"rendered":"<h3 data-start=\"220\" data-end=\"286\">\u2615 <strong data-start=\"226\" data-end=\"286\">Caf\u00e9 de Especialidad Monte Cristo \u2013 Matagalpa, Nicaragua<\/strong><\/h3>\n<p data-start=\"288\" data-end=\"560\">Desde las f\u00e9rtiles monta\u00f1as de <strong data-start=\"319\" data-end=\"332\">Matagalpa<\/strong>, nace el <strong data-start=\"342\" data-end=\"363\">Caf\u00e9 Monte Cristo<\/strong>, una joya nicarag\u00fcense cultivada entre los <strong data-start=\"407\" data-end=\"452\">950 y 1.100 metros sobre el nivel del mar<\/strong>, donde el clima y la tierra volc\u00e1nica crean las condiciones ideales para un caf\u00e9 de car\u00e1cter excepcional.<\/p>\n<p data-start=\"562\" data-end=\"789\">Elaborado con las variedades <strong data-start=\"591\" data-end=\"611\">Catua\u00ed y Caturra<\/strong>, este caf\u00e9 se somete a un <strong data-start=\"638\" data-end=\"682\">proceso lavado EP (European Preparation)<\/strong> que garantiza granos uniformes y una taza limpia, resaltando su equilibrio entre cuerpo, dulzor y aroma.<\/p>\n<p data-start=\"791\" data-end=\"1016\">De <strong data-start=\"794\" data-end=\"813\">cuerpo muy alto<\/strong> y <strong data-start=\"816\" data-end=\"831\">acidez baja<\/strong>, ofrece una experiencia sensorial profunda y envolvente, con un <strong data-start=\"896\" data-end=\"912\">dulzor medio<\/strong> y un <strong data-start=\"918\" data-end=\"955\">aftertaste prolongado y especiado<\/strong> que deja una sensaci\u00f3n c\u00e1lida y sofisticada en el paladar.<\/p>\n<p data-start=\"1018\" data-end=\"1203\">Su <strong data-start=\"1021\" data-end=\"1039\">perfil de taza<\/strong> se define por notas de <strong data-start=\"1063\" data-end=\"1107\">caramelo, t\u00e9 negro, cacao y nuez moscada<\/strong>, que se integran armoniosamente en una bebida compleja, arom\u00e1tica y perfectamente balanceada.<\/p>\n<p data-start=\"1205\" data-end=\"1276\">\ud83d\udfe4 <strong data-start=\"1208\" data-end=\"1229\">Perfil sensorial:<\/strong><br data-start=\"1229\" data-end=\"1232\" \/>Caramelo \u2013 T\u00e9 negro \u2013 Cacao \u2013 Nuez moscada<\/p>\n<p data-start=\"1278\" data-end=\"1515\">\ud83d\udcc8 <strong data-start=\"1281\" data-end=\"1293\">Proceso:<\/strong> Lavado EP (European Preparation)<br data-start=\"1326\" data-end=\"1329\" \/>\ud83c\udfd4\ufe0f <strong data-start=\"1333\" data-end=\"1344\">Altura:<\/strong> 950 \u2013 1.100 msnm<br data-start=\"1361\" data-end=\"1364\" \/>\ud83c\udf31 <strong data-start=\"1367\" data-end=\"1382\">Variedades:<\/strong> Catua\u00ed, Caturra<br data-start=\"1398\" data-end=\"1401\" \/>\u2696\ufe0f <strong data-start=\"1404\" data-end=\"1415\">Cuerpo:<\/strong> Muy alto<br data-start=\"1424\" data-end=\"1427\" \/>\ud83c\udf6f <strong data-start=\"1430\" data-end=\"1441\">Acidez:<\/strong> Baja<br data-start=\"1446\" data-end=\"1449\" \/>\ud83c\udf6b <strong data-start=\"1452\" data-end=\"1463\">Dulzor:<\/strong> Medio<br data-start=\"1469\" data-end=\"1472\" \/>\ud83c\udf3f <strong data-start=\"1475\" data-end=\"1490\">Aftertaste:<\/strong> Prolongado y especiado<\/p>\n<p data-start=\"1517\" data-end=\"1680\">Un caf\u00e9 elegante y estructurado, ideal para quienes disfrutan de sabores intensos, dulces y con matices especiados que reflejan la esencia del caf\u00e9 de Matagalpa.<\/p>\n","protected":false},"excerpt":{"rendered":"<p>\u2615 Caf\u00e9 de Especialidad Monte Cristo \u2013 Matagalpa, Nicaragua Desde las f\u00e9rtiles monta\u00f1as de Matagalpa, nace el Caf\u00e9 Monte Cristo, una joya nicarag\u00fcense cultivada entre los 950 y 1.100 metros sobre el nivel del mar, donde el clima y la tierra volc\u00e1nica crean las condiciones ideales para un caf\u00e9 de car\u00e1cter excepcional. Elaborado con las [&hellip;]<\/p>\n","protected":false},"featured_media":97,"comment_status":"open","ping_status":"closed","template":"","meta":[],"product_brand":[],"product_cat":[18],"product_tag":[],"class_list":{"0":"post-99","1":"product","2":"type-product","3":"status-publish","4":"has-post-thumbnail","6":"product_cat-cafe-tostado","8":"first","9":"instock","10":"taxable","11":"shipping-taxable","12":"purchasable","13":"product-type-simple"},"yoast_head":"<!-- This site is optimized with the Yoast SEO plugin v27.3 - https:\/\/yoast.com\/product\/yoast-seo-wordpress\/ -->\n<title>Caf\u00e9 de especialidad Nicaragua Monte Cristo Tostado medio 250 Grs - Lorenzo Roasting Coffee<\/title>\n<meta name=\"robots\" content=\"index, follow, max-snippet:-1, max-image-preview:large, max-video-preview:-1\" \/>\n<link rel=\"canonical\" href=\"https:\/\/lorenzoc.cl\/index.php\/producto\/cafe-de-especialidad-nicaragua-monte-cristo-tostado-medio-250-grs\/\" \/>\n<meta property=\"og:locale\" content=\"es_ES\" \/>\n<meta property=\"og:type\" content=\"article\" \/>\n<meta property=\"og:title\" content=\"Caf\u00e9 de especialidad Nicaragua Monte Cristo Tostado medio 250 Grs - Lorenzo Roasting Coffee\" \/>\n<meta property=\"og:description\" content=\"\u2615 Caf\u00e9 de Especialidad Monte Cristo \u2013 Matagalpa, Nicaragua Desde las f\u00e9rtiles monta\u00f1as de Matagalpa, nace el Caf\u00e9 Monte Cristo, una joya nicarag\u00fcense cultivada entre los 950 y 1.100 metros sobre el nivel del mar, donde el clima y la tierra volc\u00e1nica crean las condiciones ideales para un caf\u00e9 de car\u00e1cter excepcional. Elaborado con las [&hellip;]\" \/>\n<meta property=\"og:url\" content=\"https:\/\/lorenzoc.cl\/index.php\/producto\/cafe-de-especialidad-nicaragua-monte-cristo-tostado-medio-250-grs\/\" \/>\n<meta property=\"og:site_name\" content=\"Lorenzo Roasting Coffee\" \/>\n<meta property=\"article:modified_time\" content=\"2025-10-06T23:01:39+00:00\" \/>\n<meta property=\"og:image\" content=\"https:\/\/lorenzoc.cl\/wp-content\/uploads\/2025\/10\/monte-cristo1.png\" \/>\n\t<meta property=\"og:image:width\" content=\"802\" \/>\n\t<meta property=\"og:image:height\" content=\"774\" \/>\n\t<meta property=\"og:image:type\" content=\"image\/png\" \/>\n<meta name=\"twitter:card\" content=\"summary_large_image\" \/>\n<meta name=\"twitter:label1\" content=\"Tiempo de lectura\" \/>\n\t<meta name=\"twitter:data1\" content=\"2 minutos\" \/>\n<script type=\"application\/ld+json\" class=\"yoast-schema-graph\">{\"@context\":\"https:\\\/\\\/schema.org\",\"@graph\":[{\"@type\":\"WebPage\",\"@id\":\"https:\\\/\\\/lorenzoc.cl\\\/index.php\\\/producto\\\/cafe-de-especialidad-nicaragua-monte-cristo-tostado-medio-250-grs\\\/\",\"url\":\"https:\\\/\\\/lorenzoc.cl\\\/index.php\\\/producto\\\/cafe-de-especialidad-nicaragua-monte-cristo-tostado-medio-250-grs\\\/\",\"name\":\"Caf\u00e9 de especialidad Nicaragua Monte Cristo Tostado medio 250 Grs - Lorenzo Roasting Coffee\",\"isPartOf\":{\"@id\":\"https:\\\/\\\/lorenzoc.cl\\\/#website\"},\"primaryImageOfPage\":{\"@id\":\"https:\\\/\\\/lorenzoc.cl\\\/index.php\\\/producto\\\/cafe-de-especialidad-nicaragua-monte-cristo-tostado-medio-250-grs\\\/#primaryimage\"},\"image\":{\"@id\":\"https:\\\/\\\/lorenzoc.cl\\\/index.php\\\/producto\\\/cafe-de-especialidad-nicaragua-monte-cristo-tostado-medio-250-grs\\\/#primaryimage\"},\"thumbnailUrl\":\"https:\\\/\\\/lorenzoc.cl\\\/wp-content\\\/uploads\\\/2025\\\/10\\\/monte-cristo1.png\",\"datePublished\":\"2025-10-06T22:57:00+00:00\",\"dateModified\":\"2025-10-06T23:01:39+00:00\",\"breadcrumb\":{\"@id\":\"https:\\\/\\\/lorenzoc.cl\\\/index.php\\\/producto\\\/cafe-de-especialidad-nicaragua-monte-cristo-tostado-medio-250-grs\\\/#breadcrumb\"},\"inLanguage\":\"es\",\"potentialAction\":[{\"@type\":\"ReadAction\",\"target\":[\"https:\\\/\\\/lorenzoc.cl\\\/index.php\\\/producto\\\/cafe-de-especialidad-nicaragua-monte-cristo-tostado-medio-250-grs\\\/\"]}]},{\"@type\":\"ImageObject\",\"inLanguage\":\"es\",\"@id\":\"https:\\\/\\\/lorenzoc.cl\\\/index.php\\\/producto\\\/cafe-de-especialidad-nicaragua-monte-cristo-tostado-medio-250-grs\\\/#primaryimage\",\"url\":\"https:\\\/\\\/lorenzoc.cl\\\/wp-content\\\/uploads\\\/2025\\\/10\\\/monte-cristo1.png\",\"contentUrl\":\"https:\\\/\\\/lorenzoc.cl\\\/wp-content\\\/uploads\\\/2025\\\/10\\\/monte-cristo1.png\",\"width\":802,\"height\":774},{\"@type\":\"BreadcrumbList\",\"@id\":\"https:\\\/\\\/lorenzoc.cl\\\/index.php\\\/producto\\\/cafe-de-especialidad-nicaragua-monte-cristo-tostado-medio-250-grs\\\/#breadcrumb\",\"itemListElement\":[{\"@type\":\"ListItem\",\"position\":1,\"name\":\"Portada\",\"item\":\"https:\\\/\\\/lorenzoc.cl\\\/\"},{\"@type\":\"ListItem\",\"position\":2,\"name\":\"Tienda\",\"item\":\"https:\\\/\\\/lorenzoc.cl\\\/\"},{\"@type\":\"ListItem\",\"position\":3,\"name\":\"Caf\u00e9 de especialidad Nicaragua Monte Cristo Tostado medio 250 Grs\"}]},{\"@type\":\"WebSite\",\"@id\":\"https:\\\/\\\/lorenzoc.cl\\\/#website\",\"url\":\"https:\\\/\\\/lorenzoc.cl\\\/\",\"name\":\"Lorenzo Roasting Coffee\",\"description\":\"Un equipo de tostaduria de caf\u00e9 de especialidad\",\"potentialAction\":[{\"@type\":\"SearchAction\",\"target\":{\"@type\":\"EntryPoint\",\"urlTemplate\":\"https:\\\/\\\/lorenzoc.cl\\\/?s={search_term_string}\"},\"query-input\":{\"@type\":\"PropertyValueSpecification\",\"valueRequired\":true,\"valueName\":\"search_term_string\"}}],\"inLanguage\":\"es\"}]}<\/script>\n<!-- \/ Yoast SEO plugin. -->","yoast_head_json":{"title":"Caf\u00e9 de especialidad Nicaragua Monte Cristo Tostado medio 250 Grs - Lorenzo Roasting Coffee","robots":{"index":"index","follow":"follow","max-snippet":"max-snippet:-1","max-image-preview":"max-image-preview:large","max-video-preview":"max-video-preview:-1"},"canonical":"https:\/\/lorenzoc.cl\/index.php\/producto\/cafe-de-especialidad-nicaragua-monte-cristo-tostado-medio-250-grs\/","og_locale":"es_ES","og_type":"article","og_title":"Caf\u00e9 de especialidad Nicaragua Monte Cristo Tostado medio 250 Grs - Lorenzo Roasting Coffee","og_description":"\u2615 Caf\u00e9 de Especialidad Monte Cristo \u2013 Matagalpa, Nicaragua Desde las f\u00e9rtiles monta\u00f1as de Matagalpa, nace el Caf\u00e9 Monte Cristo, una joya nicarag\u00fcense cultivada entre los 950 y 1.100 metros sobre el nivel del mar, donde el clima y la tierra volc\u00e1nica crean las condiciones ideales para un caf\u00e9 de car\u00e1cter excepcional. Elaborado con las [&hellip;]","og_url":"https:\/\/lorenzoc.cl\/index.php\/producto\/cafe-de-especialidad-nicaragua-monte-cristo-tostado-medio-250-grs\/","og_site_name":"Lorenzo Roasting Coffee","article_modified_time":"2025-10-06T23:01:39+00:00","og_image":[{"width":802,"height":774,"url":"https:\/\/lorenzoc.cl\/wp-content\/uploads\/2025\/10\/monte-cristo1.png","type":"image\/png"}],"twitter_card":"summary_large_image","twitter_misc":{"Tiempo de lectura":"2 minutos"},"schema":{"@context":"https:\/\/schema.org","@graph":[{"@type":"WebPage","@id":"https:\/\/lorenzoc.cl\/index.php\/producto\/cafe-de-especialidad-nicaragua-monte-cristo-tostado-medio-250-grs\/","url":"https:\/\/lorenzoc.cl\/index.php\/producto\/cafe-de-especialidad-nicaragua-monte-cristo-tostado-medio-250-grs\/","name":"Caf\u00e9 de especialidad Nicaragua Monte Cristo Tostado medio 250 Grs - Lorenzo Roasting Coffee","isPartOf":{"@id":"https:\/\/lorenzoc.cl\/#website"},"primaryImageOfPage":{"@id":"https:\/\/lorenzoc.cl\/index.php\/producto\/cafe-de-especialidad-nicaragua-monte-cristo-tostado-medio-250-grs\/#primaryimage"},"image":{"@id":"https:\/\/lorenzoc.cl\/index.php\/producto\/cafe-de-especialidad-nicaragua-monte-cristo-tostado-medio-250-grs\/#primaryimage"},"thumbnailUrl":"https:\/\/lorenzoc.cl\/wp-content\/uploads\/2025\/10\/monte-cristo1.png","datePublished":"2025-10-06T22:57:00+00:00","dateModified":"2025-10-06T23:01:39+00:00","breadcrumb":{"@id":"https:\/\/lorenzoc.cl\/index.php\/producto\/cafe-de-especialidad-nicaragua-monte-cristo-tostado-medio-250-grs\/#breadcrumb"},"inLanguage":"es","potentialAction":[{"@type":"ReadAction","target":["https:\/\/lorenzoc.cl\/index.php\/producto\/cafe-de-especialidad-nicaragua-monte-cristo-tostado-medio-250-grs\/"]}]},{"@type":"ImageObject","inLanguage":"es","@id":"https:\/\/lorenzoc.cl\/index.php\/producto\/cafe-de-especialidad-nicaragua-monte-cristo-tostado-medio-250-grs\/#primaryimage","url":"https:\/\/lorenzoc.cl\/wp-content\/uploads\/2025\/10\/monte-cristo1.png","contentUrl":"https:\/\/lorenzoc.cl\/wp-content\/uploads\/2025\/10\/monte-cristo1.png","width":802,"height":774},{"@type":"BreadcrumbList","@id":"https:\/\/lorenzoc.cl\/index.php\/producto\/cafe-de-especialidad-nicaragua-monte-cristo-tostado-medio-250-grs\/#breadcrumb","itemListElement":[{"@type":"ListItem","position":1,"name":"Portada","item":"https:\/\/lorenzoc.cl\/"},{"@type":"ListItem","position":2,"name":"Tienda","item":"https:\/\/lorenzoc.cl\/"},{"@type":"ListItem","position":3,"name":"Caf\u00e9 de especialidad Nicaragua Monte Cristo Tostado medio 250 Grs"}]},{"@type":"WebSite","@id":"https:\/\/lorenzoc.cl\/#website","url":"https:\/\/lorenzoc.cl\/","name":"Lorenzo Roasting Coffee","description":"Un equipo de tostaduria de caf\u00e9 de especialidad","potentialAction":[{"@type":"SearchAction","target":{"@type":"EntryPoint","urlTemplate":"https:\/\/lorenzoc.cl\/?s={search_term_string}"},"query-input":{"@type":"PropertyValueSpecification","valueRequired":true,"valueName":"search_term_string"}}],"inLanguage":"es"}]}},"jetpack_sharing_enabled":true,"_links":{"self":[{"href":"https:\/\/lorenzoc.cl\/index.php\/wp-json\/wp\/v2\/product\/99","targetHints":{"allow":["GET"]}}],"collection":[{"href":"https:\/\/lorenzoc.cl\/index.php\/wp-json\/wp\/v2\/product"}],"about":[{"href":"https:\/\/lorenzoc.cl\/index.php\/wp-json\/wp\/v2\/types\/product"}],"replies":[{"embeddable":true,"href":"https:\/\/lorenzoc.cl\/index.php\/wp-json\/wp\/v2\/comments?post=99"}],"wp:featuredmedia":[{"embeddable":true,"href":"https:\/\/lorenzoc.cl\/index.php\/wp-json\/wp\/v2\/media\/97"}],"wp:attachment":[{"href":"https:\/\/lorenzoc.cl\/index.php\/wp-json\/wp\/v2\/media?parent=99"}],"wp:term":[{"taxonomy":"product_brand","embeddable":true,"href":"https:\/\/lorenzoc.cl\/index.php\/wp-json\/wp\/v2\/product_brand?post=99"},{"taxonomy":"product_cat","embeddable":true,"href":"https:\/\/lorenzoc.cl\/index.php\/wp-json\/wp\/v2\/product_cat?post=99"},{"taxonomy":"product_tag","embeddable":true,"href":"https:\/\/lorenzoc.cl\/index.php\/wp-json\/wp\/v2\/product_tag?post=99"}],"curies":[{"name":"wp","href":"https:\/\/api.w.org\/{rel}","templated":true}]}}