{"id":95,"date":"2025-10-06T22:55:27","date_gmt":"2025-10-06T22:55:27","guid":{"rendered":"https:\/\/lorenzoc.cl\/?post_type=product&#038;p=95"},"modified":"2025-10-06T23:01:25","modified_gmt":"2025-10-06T23:01:25","slug":"cafe-de-especialidad-honduras-manzanillo-tostado-medio-250-gramos","status":"publish","type":"product","link":"https:\/\/lorenzoc.cl\/index.php\/producto\/cafe-de-especialidad-honduras-manzanillo-tostado-medio-250-gramos\/","title":{"rendered":"Caf\u00e9 de Especialidad Honduras Manzanillo Tostado Medio 250 Gramos"},"content":{"rendered":"<h3 data-start=\"231\" data-end=\"299\"><strong data-start=\"237\" data-end=\"299\">Caf\u00e9 de Especialidad \u2013 Manzanillo, La Paz, Honduras<\/strong><\/h3>\n<p data-start=\"301\" data-end=\"630\">Cultivado en las monta\u00f1as de <strong data-start=\"330\" data-end=\"363\">Manzanillo, La Paz (Honduras)<\/strong> a <strong data-start=\"366\" data-end=\"380\">1.600 msnm<\/strong>, este caf\u00e9 representa la excelencia de los productores locales y el cuidado en cada etapa de su proceso. Elaborado con las variedades <strong data-start=\"515\" data-end=\"537\">Ihcaf\u00e9 90 y Catua\u00ed<\/strong>, y beneficiado mediante <strong data-start=\"562\" data-end=\"580\">proceso lavado<\/strong>, ofrece una taza limpia, balanceada y refinada.<\/p>\n<p data-start=\"632\" data-end=\"963\">Con un <strong data-start=\"639\" data-end=\"661\">puntaje SCA de 83+<\/strong>, categor\u00eda <strong data-start=\"673\" data-end=\"702\">SHG (Strictly High Grown)<\/strong> y <strong data-start=\"705\" data-end=\"739\">preparaci\u00f3n europea (criba 16)<\/strong>, el <strong data-start=\"744\" data-end=\"765\">Sarabi Manzanillo<\/strong> destaca por su <strong data-start=\"781\" data-end=\"840\">fragancia a chocolate y dulces notas c\u00edtricas y de nuez<\/strong>, con un <strong data-start=\"849\" data-end=\"865\">cuerpo medio<\/strong>, <strong data-start=\"867\" data-end=\"887\">acidez brillante<\/strong> y <strong data-start=\"890\" data-end=\"911\">dulzor prolongado<\/strong> que armonizan en un final equilibrado y elegante.<\/p>\n<p data-start=\"965\" data-end=\"1174\">Proveniente de suelos <strong data-start=\"987\" data-end=\"1009\">arenosos y francos<\/strong>, con <strong data-start=\"1015\" data-end=\"1036\">humedad del 11,5%<\/strong>, su cosecha se realiza entre <strong data-start=\"1066\" data-end=\"1087\">noviembre y abril<\/strong>, garantizando la frescura y trazabilidad que distinguen un verdadero caf\u00e9 de origen.<\/p>\n<p data-start=\"1176\" data-end=\"1306\">\ud83d\udfe4 <strong data-start=\"1179\" data-end=\"1200\">Perfil sensorial:<\/strong><br data-start=\"1200\" data-end=\"1203\" \/>Chocolate \u2013 Dulce \u2013 Nuez \u2013 Toque c\u00edtrico<br data-start=\"1243\" data-end=\"1246\" \/>\ud83e\uddfe <strong data-start=\"1249\" data-end=\"1261\">Proceso:<\/strong> Lavado, regional<br data-start=\"1278\" data-end=\"1281\" \/>\ud83d\udcc8 <strong data-start=\"1284\" data-end=\"1296\">Calidad:<\/strong> 83+ SCA<\/p>\n<p data-start=\"1308\" data-end=\"1435\">Un caf\u00e9 que combina tradici\u00f3n, altura y dedicaci\u00f3n, entregando una experiencia arom\u00e1tica compleja y perfectamente balanceada.<\/p>\n","protected":false},"excerpt":{"rendered":"<p>Caf\u00e9 de Especialidad \u2013 Manzanillo, La Paz, Honduras Cultivado en las monta\u00f1as de Manzanillo, La Paz (Honduras) a 1.600 msnm, este caf\u00e9 representa la excelencia de los productores locales y el cuidado en cada etapa de su proceso. Elaborado con las variedades Ihcaf\u00e9 90 y Catua\u00ed, y beneficiado mediante proceso lavado, ofrece una taza limpia, [&hellip;]<\/p>\n","protected":false},"featured_media":96,"comment_status":"open","ping_status":"closed","template":"","meta":[],"product_brand":[],"product_cat":[18],"product_tag":[],"class_list":{"0":"post-95","1":"product","2":"type-product","3":"status-publish","4":"has-post-thumbnail","6":"product_cat-cafe-tostado","8":"first","9":"instock","10":"taxable","11":"shipping-taxable","12":"purchasable","13":"product-type-simple"},"yoast_head":"<!-- This site is optimized with the Yoast SEO plugin v27.3 - https:\/\/yoast.com\/product\/yoast-seo-wordpress\/ -->\n<title>Caf\u00e9 de Especialidad Honduras Manzanillo Tostado Medio 250 Gramos - Lorenzo Roasting Coffee<\/title>\n<meta name=\"robots\" content=\"index, follow, max-snippet:-1, max-image-preview:large, max-video-preview:-1\" \/>\n<link rel=\"canonical\" href=\"https:\/\/lorenzoc.cl\/index.php\/producto\/cafe-de-especialidad-honduras-manzanillo-tostado-medio-250-gramos\/\" \/>\n<meta property=\"og:locale\" content=\"es_ES\" \/>\n<meta property=\"og:type\" content=\"article\" \/>\n<meta property=\"og:title\" content=\"Caf\u00e9 de Especialidad Honduras Manzanillo Tostado Medio 250 Gramos - Lorenzo Roasting Coffee\" \/>\n<meta property=\"og:description\" content=\"Caf\u00e9 de Especialidad \u2013 Manzanillo, La Paz, Honduras Cultivado en las monta\u00f1as de Manzanillo, La Paz (Honduras) a 1.600 msnm, este caf\u00e9 representa la excelencia de los productores locales y el cuidado en cada etapa de su proceso. Elaborado con las variedades Ihcaf\u00e9 90 y Catua\u00ed, y beneficiado mediante proceso lavado, ofrece una taza limpia, [&hellip;]\" \/>\n<meta property=\"og:url\" content=\"https:\/\/lorenzoc.cl\/index.php\/producto\/cafe-de-especialidad-honduras-manzanillo-tostado-medio-250-gramos\/\" \/>\n<meta property=\"og:site_name\" content=\"Lorenzo Roasting Coffee\" \/>\n<meta property=\"article:modified_time\" content=\"2025-10-06T23:01:25+00:00\" \/>\n<meta property=\"og:image\" content=\"https:\/\/lorenzoc.cl\/wp-content\/uploads\/2025\/10\/manzanillo1.png\" \/>\n\t<meta property=\"og:image:width\" content=\"849\" \/>\n\t<meta property=\"og:image:height\" content=\"796\" \/>\n\t<meta property=\"og:image:type\" content=\"image\/png\" \/>\n<meta name=\"twitter:card\" content=\"summary_large_image\" \/>\n<meta name=\"twitter:label1\" content=\"Tiempo de lectura\" \/>\n\t<meta name=\"twitter:data1\" content=\"1 minuto\" \/>\n<script type=\"application\/ld+json\" class=\"yoast-schema-graph\">{\"@context\":\"https:\\\/\\\/schema.org\",\"@graph\":[{\"@type\":\"WebPage\",\"@id\":\"https:\\\/\\\/lorenzoc.cl\\\/index.php\\\/producto\\\/cafe-de-especialidad-honduras-manzanillo-tostado-medio-250-gramos\\\/\",\"url\":\"https:\\\/\\\/lorenzoc.cl\\\/index.php\\\/producto\\\/cafe-de-especialidad-honduras-manzanillo-tostado-medio-250-gramos\\\/\",\"name\":\"Caf\u00e9 de Especialidad Honduras Manzanillo Tostado Medio 250 Gramos - Lorenzo Roasting Coffee\",\"isPartOf\":{\"@id\":\"https:\\\/\\\/lorenzoc.cl\\\/#website\"},\"primaryImageOfPage\":{\"@id\":\"https:\\\/\\\/lorenzoc.cl\\\/index.php\\\/producto\\\/cafe-de-especialidad-honduras-manzanillo-tostado-medio-250-gramos\\\/#primaryimage\"},\"image\":{\"@id\":\"https:\\\/\\\/lorenzoc.cl\\\/index.php\\\/producto\\\/cafe-de-especialidad-honduras-manzanillo-tostado-medio-250-gramos\\\/#primaryimage\"},\"thumbnailUrl\":\"https:\\\/\\\/lorenzoc.cl\\\/wp-content\\\/uploads\\\/2025\\\/10\\\/manzanillo1.png\",\"datePublished\":\"2025-10-06T22:55:27+00:00\",\"dateModified\":\"2025-10-06T23:01:25+00:00\",\"breadcrumb\":{\"@id\":\"https:\\\/\\\/lorenzoc.cl\\\/index.php\\\/producto\\\/cafe-de-especialidad-honduras-manzanillo-tostado-medio-250-gramos\\\/#breadcrumb\"},\"inLanguage\":\"es\",\"potentialAction\":[{\"@type\":\"ReadAction\",\"target\":[\"https:\\\/\\\/lorenzoc.cl\\\/index.php\\\/producto\\\/cafe-de-especialidad-honduras-manzanillo-tostado-medio-250-gramos\\\/\"]}]},{\"@type\":\"ImageObject\",\"inLanguage\":\"es\",\"@id\":\"https:\\\/\\\/lorenzoc.cl\\\/index.php\\\/producto\\\/cafe-de-especialidad-honduras-manzanillo-tostado-medio-250-gramos\\\/#primaryimage\",\"url\":\"https:\\\/\\\/lorenzoc.cl\\\/wp-content\\\/uploads\\\/2025\\\/10\\\/manzanillo1.png\",\"contentUrl\":\"https:\\\/\\\/lorenzoc.cl\\\/wp-content\\\/uploads\\\/2025\\\/10\\\/manzanillo1.png\",\"width\":849,\"height\":796},{\"@type\":\"BreadcrumbList\",\"@id\":\"https:\\\/\\\/lorenzoc.cl\\\/index.php\\\/producto\\\/cafe-de-especialidad-honduras-manzanillo-tostado-medio-250-gramos\\\/#breadcrumb\",\"itemListElement\":[{\"@type\":\"ListItem\",\"position\":1,\"name\":\"Portada\",\"item\":\"https:\\\/\\\/lorenzoc.cl\\\/\"},{\"@type\":\"ListItem\",\"position\":2,\"name\":\"Tienda\",\"item\":\"https:\\\/\\\/lorenzoc.cl\\\/\"},{\"@type\":\"ListItem\",\"position\":3,\"name\":\"Caf\u00e9 de Especialidad Honduras Manzanillo Tostado Medio 250 Gramos\"}]},{\"@type\":\"WebSite\",\"@id\":\"https:\\\/\\\/lorenzoc.cl\\\/#website\",\"url\":\"https:\\\/\\\/lorenzoc.cl\\\/\",\"name\":\"Lorenzo Roasting Coffee\",\"description\":\"Un equipo de tostaduria de caf\u00e9 de especialidad\",\"potentialAction\":[{\"@type\":\"SearchAction\",\"target\":{\"@type\":\"EntryPoint\",\"urlTemplate\":\"https:\\\/\\\/lorenzoc.cl\\\/?s={search_term_string}\"},\"query-input\":{\"@type\":\"PropertyValueSpecification\",\"valueRequired\":true,\"valueName\":\"search_term_string\"}}],\"inLanguage\":\"es\"}]}<\/script>\n<!-- \/ Yoast SEO plugin. -->","yoast_head_json":{"title":"Caf\u00e9 de Especialidad Honduras Manzanillo Tostado Medio 250 Gramos - Lorenzo Roasting Coffee","robots":{"index":"index","follow":"follow","max-snippet":"max-snippet:-1","max-image-preview":"max-image-preview:large","max-video-preview":"max-video-preview:-1"},"canonical":"https:\/\/lorenzoc.cl\/index.php\/producto\/cafe-de-especialidad-honduras-manzanillo-tostado-medio-250-gramos\/","og_locale":"es_ES","og_type":"article","og_title":"Caf\u00e9 de Especialidad Honduras Manzanillo Tostado Medio 250 Gramos - Lorenzo Roasting Coffee","og_description":"Caf\u00e9 de Especialidad \u2013 Manzanillo, La Paz, Honduras Cultivado en las monta\u00f1as de Manzanillo, La Paz (Honduras) a 1.600 msnm, este caf\u00e9 representa la excelencia de los productores locales y el cuidado en cada etapa de su proceso. Elaborado con las variedades Ihcaf\u00e9 90 y Catua\u00ed, y beneficiado mediante proceso lavado, ofrece una taza limpia, [&hellip;]","og_url":"https:\/\/lorenzoc.cl\/index.php\/producto\/cafe-de-especialidad-honduras-manzanillo-tostado-medio-250-gramos\/","og_site_name":"Lorenzo Roasting Coffee","article_modified_time":"2025-10-06T23:01:25+00:00","og_image":[{"width":849,"height":796,"url":"https:\/\/lorenzoc.cl\/wp-content\/uploads\/2025\/10\/manzanillo1.png","type":"image\/png"}],"twitter_card":"summary_large_image","twitter_misc":{"Tiempo de lectura":"1 minuto"},"schema":{"@context":"https:\/\/schema.org","@graph":[{"@type":"WebPage","@id":"https:\/\/lorenzoc.cl\/index.php\/producto\/cafe-de-especialidad-honduras-manzanillo-tostado-medio-250-gramos\/","url":"https:\/\/lorenzoc.cl\/index.php\/producto\/cafe-de-especialidad-honduras-manzanillo-tostado-medio-250-gramos\/","name":"Caf\u00e9 de Especialidad Honduras Manzanillo Tostado Medio 250 Gramos - Lorenzo Roasting Coffee","isPartOf":{"@id":"https:\/\/lorenzoc.cl\/#website"},"primaryImageOfPage":{"@id":"https:\/\/lorenzoc.cl\/index.php\/producto\/cafe-de-especialidad-honduras-manzanillo-tostado-medio-250-gramos\/#primaryimage"},"image":{"@id":"https:\/\/lorenzoc.cl\/index.php\/producto\/cafe-de-especialidad-honduras-manzanillo-tostado-medio-250-gramos\/#primaryimage"},"thumbnailUrl":"https:\/\/lorenzoc.cl\/wp-content\/uploads\/2025\/10\/manzanillo1.png","datePublished":"2025-10-06T22:55:27+00:00","dateModified":"2025-10-06T23:01:25+00:00","breadcrumb":{"@id":"https:\/\/lorenzoc.cl\/index.php\/producto\/cafe-de-especialidad-honduras-manzanillo-tostado-medio-250-gramos\/#breadcrumb"},"inLanguage":"es","potentialAction":[{"@type":"ReadAction","target":["https:\/\/lorenzoc.cl\/index.php\/producto\/cafe-de-especialidad-honduras-manzanillo-tostado-medio-250-gramos\/"]}]},{"@type":"ImageObject","inLanguage":"es","@id":"https:\/\/lorenzoc.cl\/index.php\/producto\/cafe-de-especialidad-honduras-manzanillo-tostado-medio-250-gramos\/#primaryimage","url":"https:\/\/lorenzoc.cl\/wp-content\/uploads\/2025\/10\/manzanillo1.png","contentUrl":"https:\/\/lorenzoc.cl\/wp-content\/uploads\/2025\/10\/manzanillo1.png","width":849,"height":796},{"@type":"BreadcrumbList","@id":"https:\/\/lorenzoc.cl\/index.php\/producto\/cafe-de-especialidad-honduras-manzanillo-tostado-medio-250-gramos\/#breadcrumb","itemListElement":[{"@type":"ListItem","position":1,"name":"Portada","item":"https:\/\/lorenzoc.cl\/"},{"@type":"ListItem","position":2,"name":"Tienda","item":"https:\/\/lorenzoc.cl\/"},{"@type":"ListItem","position":3,"name":"Caf\u00e9 de Especialidad Honduras Manzanillo Tostado Medio 250 Gramos"}]},{"@type":"WebSite","@id":"https:\/\/lorenzoc.cl\/#website","url":"https:\/\/lorenzoc.cl\/","name":"Lorenzo Roasting Coffee","description":"Un equipo de tostaduria de caf\u00e9 de especialidad","potentialAction":[{"@type":"SearchAction","target":{"@type":"EntryPoint","urlTemplate":"https:\/\/lorenzoc.cl\/?s={search_term_string}"},"query-input":{"@type":"PropertyValueSpecification","valueRequired":true,"valueName":"search_term_string"}}],"inLanguage":"es"}]}},"jetpack_sharing_enabled":true,"_links":{"self":[{"href":"https:\/\/lorenzoc.cl\/index.php\/wp-json\/wp\/v2\/product\/95","targetHints":{"allow":["GET"]}}],"collection":[{"href":"https:\/\/lorenzoc.cl\/index.php\/wp-json\/wp\/v2\/product"}],"about":[{"href":"https:\/\/lorenzoc.cl\/index.php\/wp-json\/wp\/v2\/types\/product"}],"replies":[{"embeddable":true,"href":"https:\/\/lorenzoc.cl\/index.php\/wp-json\/wp\/v2\/comments?post=95"}],"wp:featuredmedia":[{"embeddable":true,"href":"https:\/\/lorenzoc.cl\/index.php\/wp-json\/wp\/v2\/media\/96"}],"wp:attachment":[{"href":"https:\/\/lorenzoc.cl\/index.php\/wp-json\/wp\/v2\/media?parent=95"}],"wp:term":[{"taxonomy":"product_brand","embeddable":true,"href":"https:\/\/lorenzoc.cl\/index.php\/wp-json\/wp\/v2\/product_brand?post=95"},{"taxonomy":"product_cat","embeddable":true,"href":"https:\/\/lorenzoc.cl\/index.php\/wp-json\/wp\/v2\/product_cat?post=95"},{"taxonomy":"product_tag","embeddable":true,"href":"https:\/\/lorenzoc.cl\/index.php\/wp-json\/wp\/v2\/product_tag?post=95"}],"curies":[{"name":"wp","href":"https:\/\/api.w.org\/{rel}","templated":true}]}}