{"id":79,"date":"2025-10-02T00:00:17","date_gmt":"2025-10-02T00:00:17","guid":{"rendered":"https:\/\/lorenzoc.cl\/?post_type=product&#038;p=79"},"modified":"2025-10-02T00:00:17","modified_gmt":"2025-10-02T00:00:17","slug":"filtros-de-papel-desechables-para-taza-individual-5-unidades","status":"publish","type":"product","link":"https:\/\/lorenzoc.cl\/index.php\/producto\/filtros-de-papel-desechables-para-taza-individual-5-unidades\/","title":{"rendered":"Filtros de papel desechables para taza individual 5 Unidades"},"content":{"rendered":"<p data-start=\"161\" data-end=\"605\">Prepara tu caf\u00e9 de manera r\u00e1pida, limpia y pr\u00e1ctica con estos filtros de papel desechables dise\u00f1ados para tazas individuales. Su material de alta calidad permite una extracci\u00f3n uniforme, reteniendo los posos mientras deja pasar todos los aromas y sabores de tu caf\u00e9. Ideales para uso diario en casa, oficina o viaje, son f\u00e1ciles de colocar y de desechar, ofreciendo siempre una experiencia de caf\u00e9 fresca sin complicaciones ni limpieza extra.<\/p>\n","protected":false},"excerpt":{"rendered":"<p>Prepara tu caf\u00e9 de manera r\u00e1pida, limpia y pr\u00e1ctica con estos filtros de papel desechables dise\u00f1ados para tazas individuales. Su material de alta calidad permite una extracci\u00f3n uniforme, reteniendo los posos mientras deja pasar todos los aromas y sabores de tu caf\u00e9. Ideales para uso diario en casa, oficina o viaje, son f\u00e1ciles de colocar [&hellip;]<\/p>\n","protected":false},"featured_media":80,"comment_status":"open","ping_status":"closed","template":"","meta":[],"product_brand":[],"product_cat":[17],"product_tag":[],"class_list":{"0":"post-79","1":"product","2":"type-product","3":"status-publish","4":"has-post-thumbnail","6":"product_cat-accesorios-cafe","8":"first","9":"instock","10":"taxable","11":"shipping-taxable","12":"purchasable","13":"product-type-simple"},"yoast_head":"<!-- This site is optimized with the Yoast SEO plugin v27.3 - https:\/\/yoast.com\/product\/yoast-seo-wordpress\/ -->\n<title>Filtros de papel desechables para taza individual 5 Unidades - Lorenzo Roasting Coffee<\/title>\n<meta name=\"robots\" content=\"index, follow, max-snippet:-1, max-image-preview:large, max-video-preview:-1\" \/>\n<link rel=\"canonical\" href=\"https:\/\/lorenzoc.cl\/index.php\/producto\/filtros-de-papel-desechables-para-taza-individual-5-unidades\/\" \/>\n<meta property=\"og:locale\" content=\"es_ES\" \/>\n<meta property=\"og:type\" content=\"article\" \/>\n<meta property=\"og:title\" content=\"Filtros de papel desechables para taza individual 5 Unidades - Lorenzo Roasting Coffee\" \/>\n<meta property=\"og:description\" content=\"Prepara tu caf\u00e9 de manera r\u00e1pida, limpia y pr\u00e1ctica con estos filtros de papel desechables dise\u00f1ados para tazas individuales. Su material de alta calidad permite una extracci\u00f3n uniforme, reteniendo los posos mientras deja pasar todos los aromas y sabores de tu caf\u00e9. Ideales para uso diario en casa, oficina o viaje, son f\u00e1ciles de colocar [&hellip;]\" \/>\n<meta property=\"og:url\" content=\"https:\/\/lorenzoc.cl\/index.php\/producto\/filtros-de-papel-desechables-para-taza-individual-5-unidades\/\" \/>\n<meta property=\"og:site_name\" content=\"Lorenzo Roasting Coffee\" \/>\n<meta property=\"og:image\" content=\"https:\/\/lorenzoc.cl\/wp-content\/uploads\/2025\/10\/filtro-cafe-03.png\" \/>\n\t<meta property=\"og:image:width\" content=\"2501\" \/>\n\t<meta property=\"og:image:height\" content=\"1875\" \/>\n\t<meta property=\"og:image:type\" content=\"image\/png\" \/>\n<meta name=\"twitter:card\" content=\"summary_large_image\" \/>\n<meta name=\"twitter:label1\" content=\"Tiempo de lectura\" \/>\n\t<meta name=\"twitter:data1\" content=\"1 minuto\" \/>\n<script type=\"application\/ld+json\" class=\"yoast-schema-graph\">{\"@context\":\"https:\\\/\\\/schema.org\",\"@graph\":[{\"@type\":\"WebPage\",\"@id\":\"https:\\\/\\\/lorenzoc.cl\\\/index.php\\\/producto\\\/filtros-de-papel-desechables-para-taza-individual-5-unidades\\\/\",\"url\":\"https:\\\/\\\/lorenzoc.cl\\\/index.php\\\/producto\\\/filtros-de-papel-desechables-para-taza-individual-5-unidades\\\/\",\"name\":\"Filtros de papel desechables para taza individual 5 Unidades - Lorenzo Roasting Coffee\",\"isPartOf\":{\"@id\":\"https:\\\/\\\/lorenzoc.cl\\\/#website\"},\"primaryImageOfPage\":{\"@id\":\"https:\\\/\\\/lorenzoc.cl\\\/index.php\\\/producto\\\/filtros-de-papel-desechables-para-taza-individual-5-unidades\\\/#primaryimage\"},\"image\":{\"@id\":\"https:\\\/\\\/lorenzoc.cl\\\/index.php\\\/producto\\\/filtros-de-papel-desechables-para-taza-individual-5-unidades\\\/#primaryimage\"},\"thumbnailUrl\":\"https:\\\/\\\/lorenzoc.cl\\\/wp-content\\\/uploads\\\/2025\\\/10\\\/filtro-cafe-03.png\",\"datePublished\":\"2025-10-02T00:00:17+00:00\",\"breadcrumb\":{\"@id\":\"https:\\\/\\\/lorenzoc.cl\\\/index.php\\\/producto\\\/filtros-de-papel-desechables-para-taza-individual-5-unidades\\\/#breadcrumb\"},\"inLanguage\":\"es\",\"potentialAction\":[{\"@type\":\"ReadAction\",\"target\":[\"https:\\\/\\\/lorenzoc.cl\\\/index.php\\\/producto\\\/filtros-de-papel-desechables-para-taza-individual-5-unidades\\\/\"]}]},{\"@type\":\"ImageObject\",\"inLanguage\":\"es\",\"@id\":\"https:\\\/\\\/lorenzoc.cl\\\/index.php\\\/producto\\\/filtros-de-papel-desechables-para-taza-individual-5-unidades\\\/#primaryimage\",\"url\":\"https:\\\/\\\/lorenzoc.cl\\\/wp-content\\\/uploads\\\/2025\\\/10\\\/filtro-cafe-03.png\",\"contentUrl\":\"https:\\\/\\\/lorenzoc.cl\\\/wp-content\\\/uploads\\\/2025\\\/10\\\/filtro-cafe-03.png\",\"width\":2501,\"height\":1875},{\"@type\":\"BreadcrumbList\",\"@id\":\"https:\\\/\\\/lorenzoc.cl\\\/index.php\\\/producto\\\/filtros-de-papel-desechables-para-taza-individual-5-unidades\\\/#breadcrumb\",\"itemListElement\":[{\"@type\":\"ListItem\",\"position\":1,\"name\":\"Portada\",\"item\":\"https:\\\/\\\/lorenzoc.cl\\\/\"},{\"@type\":\"ListItem\",\"position\":2,\"name\":\"Tienda\",\"item\":\"https:\\\/\\\/lorenzoc.cl\\\/\"},{\"@type\":\"ListItem\",\"position\":3,\"name\":\"Filtros de papel desechables para taza individual 5 Unidades\"}]},{\"@type\":\"WebSite\",\"@id\":\"https:\\\/\\\/lorenzoc.cl\\\/#website\",\"url\":\"https:\\\/\\\/lorenzoc.cl\\\/\",\"name\":\"Lorenzo Roasting Coffee\",\"description\":\"Un equipo de tostaduria de caf\u00e9 de especialidad\",\"potentialAction\":[{\"@type\":\"SearchAction\",\"target\":{\"@type\":\"EntryPoint\",\"urlTemplate\":\"https:\\\/\\\/lorenzoc.cl\\\/?s={search_term_string}\"},\"query-input\":{\"@type\":\"PropertyValueSpecification\",\"valueRequired\":true,\"valueName\":\"search_term_string\"}}],\"inLanguage\":\"es\"}]}<\/script>\n<!-- \/ Yoast SEO plugin. -->","yoast_head_json":{"title":"Filtros de papel desechables para taza individual 5 Unidades - Lorenzo Roasting Coffee","robots":{"index":"index","follow":"follow","max-snippet":"max-snippet:-1","max-image-preview":"max-image-preview:large","max-video-preview":"max-video-preview:-1"},"canonical":"https:\/\/lorenzoc.cl\/index.php\/producto\/filtros-de-papel-desechables-para-taza-individual-5-unidades\/","og_locale":"es_ES","og_type":"article","og_title":"Filtros de papel desechables para taza individual 5 Unidades - Lorenzo Roasting Coffee","og_description":"Prepara tu caf\u00e9 de manera r\u00e1pida, limpia y pr\u00e1ctica con estos filtros de papel desechables dise\u00f1ados para tazas individuales. Su material de alta calidad permite una extracci\u00f3n uniforme, reteniendo los posos mientras deja pasar todos los aromas y sabores de tu caf\u00e9. Ideales para uso diario en casa, oficina o viaje, son f\u00e1ciles de colocar [&hellip;]","og_url":"https:\/\/lorenzoc.cl\/index.php\/producto\/filtros-de-papel-desechables-para-taza-individual-5-unidades\/","og_site_name":"Lorenzo Roasting Coffee","og_image":[{"width":2501,"height":1875,"url":"https:\/\/lorenzoc.cl\/wp-content\/uploads\/2025\/10\/filtro-cafe-03.png","type":"image\/png"}],"twitter_card":"summary_large_image","twitter_misc":{"Tiempo de lectura":"1 minuto"},"schema":{"@context":"https:\/\/schema.org","@graph":[{"@type":"WebPage","@id":"https:\/\/lorenzoc.cl\/index.php\/producto\/filtros-de-papel-desechables-para-taza-individual-5-unidades\/","url":"https:\/\/lorenzoc.cl\/index.php\/producto\/filtros-de-papel-desechables-para-taza-individual-5-unidades\/","name":"Filtros de papel desechables para taza individual 5 Unidades - Lorenzo Roasting Coffee","isPartOf":{"@id":"https:\/\/lorenzoc.cl\/#website"},"primaryImageOfPage":{"@id":"https:\/\/lorenzoc.cl\/index.php\/producto\/filtros-de-papel-desechables-para-taza-individual-5-unidades\/#primaryimage"},"image":{"@id":"https:\/\/lorenzoc.cl\/index.php\/producto\/filtros-de-papel-desechables-para-taza-individual-5-unidades\/#primaryimage"},"thumbnailUrl":"https:\/\/lorenzoc.cl\/wp-content\/uploads\/2025\/10\/filtro-cafe-03.png","datePublished":"2025-10-02T00:00:17+00:00","breadcrumb":{"@id":"https:\/\/lorenzoc.cl\/index.php\/producto\/filtros-de-papel-desechables-para-taza-individual-5-unidades\/#breadcrumb"},"inLanguage":"es","potentialAction":[{"@type":"ReadAction","target":["https:\/\/lorenzoc.cl\/index.php\/producto\/filtros-de-papel-desechables-para-taza-individual-5-unidades\/"]}]},{"@type":"ImageObject","inLanguage":"es","@id":"https:\/\/lorenzoc.cl\/index.php\/producto\/filtros-de-papel-desechables-para-taza-individual-5-unidades\/#primaryimage","url":"https:\/\/lorenzoc.cl\/wp-content\/uploads\/2025\/10\/filtro-cafe-03.png","contentUrl":"https:\/\/lorenzoc.cl\/wp-content\/uploads\/2025\/10\/filtro-cafe-03.png","width":2501,"height":1875},{"@type":"BreadcrumbList","@id":"https:\/\/lorenzoc.cl\/index.php\/producto\/filtros-de-papel-desechables-para-taza-individual-5-unidades\/#breadcrumb","itemListElement":[{"@type":"ListItem","position":1,"name":"Portada","item":"https:\/\/lorenzoc.cl\/"},{"@type":"ListItem","position":2,"name":"Tienda","item":"https:\/\/lorenzoc.cl\/"},{"@type":"ListItem","position":3,"name":"Filtros de papel desechables para taza individual 5 Unidades"}]},{"@type":"WebSite","@id":"https:\/\/lorenzoc.cl\/#website","url":"https:\/\/lorenzoc.cl\/","name":"Lorenzo Roasting Coffee","description":"Un equipo de tostaduria de caf\u00e9 de especialidad","potentialAction":[{"@type":"SearchAction","target":{"@type":"EntryPoint","urlTemplate":"https:\/\/lorenzoc.cl\/?s={search_term_string}"},"query-input":{"@type":"PropertyValueSpecification","valueRequired":true,"valueName":"search_term_string"}}],"inLanguage":"es"}]}},"jetpack_sharing_enabled":true,"_links":{"self":[{"href":"https:\/\/lorenzoc.cl\/index.php\/wp-json\/wp\/v2\/product\/79","targetHints":{"allow":["GET"]}}],"collection":[{"href":"https:\/\/lorenzoc.cl\/index.php\/wp-json\/wp\/v2\/product"}],"about":[{"href":"https:\/\/lorenzoc.cl\/index.php\/wp-json\/wp\/v2\/types\/product"}],"replies":[{"embeddable":true,"href":"https:\/\/lorenzoc.cl\/index.php\/wp-json\/wp\/v2\/comments?post=79"}],"wp:featuredmedia":[{"embeddable":true,"href":"https:\/\/lorenzoc.cl\/index.php\/wp-json\/wp\/v2\/media\/80"}],"wp:attachment":[{"href":"https:\/\/lorenzoc.cl\/index.php\/wp-json\/wp\/v2\/media?parent=79"}],"wp:term":[{"taxonomy":"product_brand","embeddable":true,"href":"https:\/\/lorenzoc.cl\/index.php\/wp-json\/wp\/v2\/product_brand?post=79"},{"taxonomy":"product_cat","embeddable":true,"href":"https:\/\/lorenzoc.cl\/index.php\/wp-json\/wp\/v2\/product_cat?post=79"},{"taxonomy":"product_tag","embeddable":true,"href":"https:\/\/lorenzoc.cl\/index.php\/wp-json\/wp\/v2\/product_tag?post=79"}],"curies":[{"name":"wp","href":"https:\/\/api.w.org\/{rel}","templated":true}]}}