{"id":77,"date":"2025-10-01T23:54:45","date_gmt":"2025-10-01T23:54:45","guid":{"rendered":"https:\/\/lorenzoc.cl\/?post_type=product&#038;p=77"},"modified":"2025-10-01T23:54:45","modified_gmt":"2025-10-01T23:54:45","slug":"molinillo-manual-de-cafe-con-recipiente-de-vidrio-y-muelas-de-ceramica","status":"publish","type":"product","link":"https:\/\/lorenzoc.cl\/index.php\/producto\/molinillo-manual-de-cafe-con-recipiente-de-vidrio-y-muelas-de-ceramica\/","title":{"rendered":"Molinillo manual de caf\u00e9 con recipiente de vidrio y muelas de cer\u00e1mica"},"content":{"rendered":"<p>Disfruta del aut\u00e9ntico sabor del caf\u00e9 reci\u00e9n molido con este molinillo manual, dise\u00f1ado para quienes valoran la calidad y la tradici\u00f3n. Su recipiente de vidrio transparente permite ver la cantidad de granos y el resultado de la molienda, mientras que las muelas de cer\u00e1mica garantizan un molido uniforme y duradero sin transferir sabores extra\u00f1os al caf\u00e9. Compacto y elegante, este molinillo es ideal para preparar peque\u00f1as cantidades de caf\u00e9 de manera precisa y con control total sobre la textura de la molienda.<\/p>\n","protected":false},"excerpt":{"rendered":"<p>Disfruta del aut\u00e9ntico sabor del caf\u00e9 reci\u00e9n molido con este molinillo manual, dise\u00f1ado para quienes valoran la calidad y la tradici\u00f3n. Su recipiente de vidrio transparente permite ver la cantidad de granos y el resultado de la molienda, mientras que las muelas de cer\u00e1mica garantizan un molido uniforme y duradero sin transferir sabores extra\u00f1os al [&hellip;]<\/p>\n","protected":false},"featured_media":78,"comment_status":"open","ping_status":"closed","template":"","meta":[],"product_brand":[],"product_cat":[17],"product_tag":[],"class_list":{"0":"post-77","1":"product","2":"type-product","3":"status-publish","4":"has-post-thumbnail","6":"product_cat-accesorios-cafe","8":"first","9":"instock","10":"taxable","11":"shipping-taxable","12":"purchasable","13":"product-type-simple"},"yoast_head":"<!-- This site is optimized with the Yoast SEO plugin v27.3 - https:\/\/yoast.com\/product\/yoast-seo-wordpress\/ -->\n<title>Molinillo manual de caf\u00e9 con recipiente de vidrio y muelas de cer\u00e1mica - Lorenzo Roasting Coffee<\/title>\n<meta name=\"robots\" content=\"index, follow, max-snippet:-1, max-image-preview:large, max-video-preview:-1\" \/>\n<link rel=\"canonical\" href=\"https:\/\/lorenzoc.cl\/index.php\/producto\/molinillo-manual-de-cafe-con-recipiente-de-vidrio-y-muelas-de-ceramica\/\" \/>\n<meta property=\"og:locale\" content=\"es_ES\" \/>\n<meta property=\"og:type\" content=\"article\" \/>\n<meta property=\"og:title\" content=\"Molinillo manual de caf\u00e9 con recipiente de vidrio y muelas de cer\u00e1mica - Lorenzo Roasting Coffee\" \/>\n<meta property=\"og:description\" content=\"Disfruta del aut\u00e9ntico sabor del caf\u00e9 reci\u00e9n molido con este molinillo manual, dise\u00f1ado para quienes valoran la calidad y la tradici\u00f3n. Su recipiente de vidrio transparente permite ver la cantidad de granos y el resultado de la molienda, mientras que las muelas de cer\u00e1mica garantizan un molido uniforme y duradero sin transferir sabores extra\u00f1os al [&hellip;]\" \/>\n<meta property=\"og:url\" content=\"https:\/\/lorenzoc.cl\/index.php\/producto\/molinillo-manual-de-cafe-con-recipiente-de-vidrio-y-muelas-de-ceramica\/\" \/>\n<meta property=\"og:site_name\" content=\"Lorenzo Roasting Coffee\" \/>\n<meta property=\"og:image\" content=\"https:\/\/lorenzoc.cl\/wp-content\/uploads\/2025\/10\/94a1bc5f-cf73-4b23-98a9-e327e4be6408.cb793b46170e412baaedac92ce33c3cc-1.jpeg\" \/>\n\t<meta property=\"og:image:width\" content=\"612\" \/>\n\t<meta property=\"og:image:height\" content=\"612\" \/>\n\t<meta property=\"og:image:type\" content=\"image\/jpeg\" \/>\n<meta name=\"twitter:card\" content=\"summary_large_image\" \/>\n<meta name=\"twitter:label1\" content=\"Tiempo de lectura\" \/>\n\t<meta name=\"twitter:data1\" content=\"1 minuto\" \/>\n<script type=\"application\/ld+json\" class=\"yoast-schema-graph\">{\"@context\":\"https:\\\/\\\/schema.org\",\"@graph\":[{\"@type\":\"WebPage\",\"@id\":\"https:\\\/\\\/lorenzoc.cl\\\/index.php\\\/producto\\\/molinillo-manual-de-cafe-con-recipiente-de-vidrio-y-muelas-de-ceramica\\\/\",\"url\":\"https:\\\/\\\/lorenzoc.cl\\\/index.php\\\/producto\\\/molinillo-manual-de-cafe-con-recipiente-de-vidrio-y-muelas-de-ceramica\\\/\",\"name\":\"Molinillo manual de caf\u00e9 con recipiente de vidrio y muelas de cer\u00e1mica - Lorenzo Roasting Coffee\",\"isPartOf\":{\"@id\":\"https:\\\/\\\/lorenzoc.cl\\\/#website\"},\"primaryImageOfPage\":{\"@id\":\"https:\\\/\\\/lorenzoc.cl\\\/index.php\\\/producto\\\/molinillo-manual-de-cafe-con-recipiente-de-vidrio-y-muelas-de-ceramica\\\/#primaryimage\"},\"image\":{\"@id\":\"https:\\\/\\\/lorenzoc.cl\\\/index.php\\\/producto\\\/molinillo-manual-de-cafe-con-recipiente-de-vidrio-y-muelas-de-ceramica\\\/#primaryimage\"},\"thumbnailUrl\":\"https:\\\/\\\/lorenzoc.cl\\\/wp-content\\\/uploads\\\/2025\\\/10\\\/94a1bc5f-cf73-4b23-98a9-e327e4be6408.cb793b46170e412baaedac92ce33c3cc-1.jpeg\",\"datePublished\":\"2025-10-01T23:54:45+00:00\",\"breadcrumb\":{\"@id\":\"https:\\\/\\\/lorenzoc.cl\\\/index.php\\\/producto\\\/molinillo-manual-de-cafe-con-recipiente-de-vidrio-y-muelas-de-ceramica\\\/#breadcrumb\"},\"inLanguage\":\"es\",\"potentialAction\":[{\"@type\":\"ReadAction\",\"target\":[\"https:\\\/\\\/lorenzoc.cl\\\/index.php\\\/producto\\\/molinillo-manual-de-cafe-con-recipiente-de-vidrio-y-muelas-de-ceramica\\\/\"]}]},{\"@type\":\"ImageObject\",\"inLanguage\":\"es\",\"@id\":\"https:\\\/\\\/lorenzoc.cl\\\/index.php\\\/producto\\\/molinillo-manual-de-cafe-con-recipiente-de-vidrio-y-muelas-de-ceramica\\\/#primaryimage\",\"url\":\"https:\\\/\\\/lorenzoc.cl\\\/wp-content\\\/uploads\\\/2025\\\/10\\\/94a1bc5f-cf73-4b23-98a9-e327e4be6408.cb793b46170e412baaedac92ce33c3cc-1.jpeg\",\"contentUrl\":\"https:\\\/\\\/lorenzoc.cl\\\/wp-content\\\/uploads\\\/2025\\\/10\\\/94a1bc5f-cf73-4b23-98a9-e327e4be6408.cb793b46170e412baaedac92ce33c3cc-1.jpeg\",\"width\":612,\"height\":612},{\"@type\":\"BreadcrumbList\",\"@id\":\"https:\\\/\\\/lorenzoc.cl\\\/index.php\\\/producto\\\/molinillo-manual-de-cafe-con-recipiente-de-vidrio-y-muelas-de-ceramica\\\/#breadcrumb\",\"itemListElement\":[{\"@type\":\"ListItem\",\"position\":1,\"name\":\"Portada\",\"item\":\"https:\\\/\\\/lorenzoc.cl\\\/\"},{\"@type\":\"ListItem\",\"position\":2,\"name\":\"Tienda\",\"item\":\"https:\\\/\\\/lorenzoc.cl\\\/\"},{\"@type\":\"ListItem\",\"position\":3,\"name\":\"Molinillo manual de caf\u00e9 con recipiente de vidrio y muelas de cer\u00e1mica\"}]},{\"@type\":\"WebSite\",\"@id\":\"https:\\\/\\\/lorenzoc.cl\\\/#website\",\"url\":\"https:\\\/\\\/lorenzoc.cl\\\/\",\"name\":\"Lorenzo Roasting Coffee\",\"description\":\"Un equipo de tostaduria de caf\u00e9 de especialidad\",\"potentialAction\":[{\"@type\":\"SearchAction\",\"target\":{\"@type\":\"EntryPoint\",\"urlTemplate\":\"https:\\\/\\\/lorenzoc.cl\\\/?s={search_term_string}\"},\"query-input\":{\"@type\":\"PropertyValueSpecification\",\"valueRequired\":true,\"valueName\":\"search_term_string\"}}],\"inLanguage\":\"es\"}]}<\/script>\n<!-- \/ Yoast SEO plugin. -->","yoast_head_json":{"title":"Molinillo manual de caf\u00e9 con recipiente de vidrio y muelas de cer\u00e1mica - Lorenzo Roasting Coffee","robots":{"index":"index","follow":"follow","max-snippet":"max-snippet:-1","max-image-preview":"max-image-preview:large","max-video-preview":"max-video-preview:-1"},"canonical":"https:\/\/lorenzoc.cl\/index.php\/producto\/molinillo-manual-de-cafe-con-recipiente-de-vidrio-y-muelas-de-ceramica\/","og_locale":"es_ES","og_type":"article","og_title":"Molinillo manual de caf\u00e9 con recipiente de vidrio y muelas de cer\u00e1mica - Lorenzo Roasting Coffee","og_description":"Disfruta del aut\u00e9ntico sabor del caf\u00e9 reci\u00e9n molido con este molinillo manual, dise\u00f1ado para quienes valoran la calidad y la tradici\u00f3n. Su recipiente de vidrio transparente permite ver la cantidad de granos y el resultado de la molienda, mientras que las muelas de cer\u00e1mica garantizan un molido uniforme y duradero sin transferir sabores extra\u00f1os al [&hellip;]","og_url":"https:\/\/lorenzoc.cl\/index.php\/producto\/molinillo-manual-de-cafe-con-recipiente-de-vidrio-y-muelas-de-ceramica\/","og_site_name":"Lorenzo Roasting Coffee","og_image":[{"width":612,"height":612,"url":"https:\/\/lorenzoc.cl\/wp-content\/uploads\/2025\/10\/94a1bc5f-cf73-4b23-98a9-e327e4be6408.cb793b46170e412baaedac92ce33c3cc-1.jpeg","type":"image\/jpeg"}],"twitter_card":"summary_large_image","twitter_misc":{"Tiempo de lectura":"1 minuto"},"schema":{"@context":"https:\/\/schema.org","@graph":[{"@type":"WebPage","@id":"https:\/\/lorenzoc.cl\/index.php\/producto\/molinillo-manual-de-cafe-con-recipiente-de-vidrio-y-muelas-de-ceramica\/","url":"https:\/\/lorenzoc.cl\/index.php\/producto\/molinillo-manual-de-cafe-con-recipiente-de-vidrio-y-muelas-de-ceramica\/","name":"Molinillo manual de caf\u00e9 con recipiente de vidrio y muelas de cer\u00e1mica - Lorenzo Roasting Coffee","isPartOf":{"@id":"https:\/\/lorenzoc.cl\/#website"},"primaryImageOfPage":{"@id":"https:\/\/lorenzoc.cl\/index.php\/producto\/molinillo-manual-de-cafe-con-recipiente-de-vidrio-y-muelas-de-ceramica\/#primaryimage"},"image":{"@id":"https:\/\/lorenzoc.cl\/index.php\/producto\/molinillo-manual-de-cafe-con-recipiente-de-vidrio-y-muelas-de-ceramica\/#primaryimage"},"thumbnailUrl":"https:\/\/lorenzoc.cl\/wp-content\/uploads\/2025\/10\/94a1bc5f-cf73-4b23-98a9-e327e4be6408.cb793b46170e412baaedac92ce33c3cc-1.jpeg","datePublished":"2025-10-01T23:54:45+00:00","breadcrumb":{"@id":"https:\/\/lorenzoc.cl\/index.php\/producto\/molinillo-manual-de-cafe-con-recipiente-de-vidrio-y-muelas-de-ceramica\/#breadcrumb"},"inLanguage":"es","potentialAction":[{"@type":"ReadAction","target":["https:\/\/lorenzoc.cl\/index.php\/producto\/molinillo-manual-de-cafe-con-recipiente-de-vidrio-y-muelas-de-ceramica\/"]}]},{"@type":"ImageObject","inLanguage":"es","@id":"https:\/\/lorenzoc.cl\/index.php\/producto\/molinillo-manual-de-cafe-con-recipiente-de-vidrio-y-muelas-de-ceramica\/#primaryimage","url":"https:\/\/lorenzoc.cl\/wp-content\/uploads\/2025\/10\/94a1bc5f-cf73-4b23-98a9-e327e4be6408.cb793b46170e412baaedac92ce33c3cc-1.jpeg","contentUrl":"https:\/\/lorenzoc.cl\/wp-content\/uploads\/2025\/10\/94a1bc5f-cf73-4b23-98a9-e327e4be6408.cb793b46170e412baaedac92ce33c3cc-1.jpeg","width":612,"height":612},{"@type":"BreadcrumbList","@id":"https:\/\/lorenzoc.cl\/index.php\/producto\/molinillo-manual-de-cafe-con-recipiente-de-vidrio-y-muelas-de-ceramica\/#breadcrumb","itemListElement":[{"@type":"ListItem","position":1,"name":"Portada","item":"https:\/\/lorenzoc.cl\/"},{"@type":"ListItem","position":2,"name":"Tienda","item":"https:\/\/lorenzoc.cl\/"},{"@type":"ListItem","position":3,"name":"Molinillo manual de caf\u00e9 con recipiente de vidrio y muelas de cer\u00e1mica"}]},{"@type":"WebSite","@id":"https:\/\/lorenzoc.cl\/#website","url":"https:\/\/lorenzoc.cl\/","name":"Lorenzo Roasting Coffee","description":"Un equipo de tostaduria de caf\u00e9 de especialidad","potentialAction":[{"@type":"SearchAction","target":{"@type":"EntryPoint","urlTemplate":"https:\/\/lorenzoc.cl\/?s={search_term_string}"},"query-input":{"@type":"PropertyValueSpecification","valueRequired":true,"valueName":"search_term_string"}}],"inLanguage":"es"}]}},"jetpack_sharing_enabled":true,"_links":{"self":[{"href":"https:\/\/lorenzoc.cl\/index.php\/wp-json\/wp\/v2\/product\/77","targetHints":{"allow":["GET"]}}],"collection":[{"href":"https:\/\/lorenzoc.cl\/index.php\/wp-json\/wp\/v2\/product"}],"about":[{"href":"https:\/\/lorenzoc.cl\/index.php\/wp-json\/wp\/v2\/types\/product"}],"replies":[{"embeddable":true,"href":"https:\/\/lorenzoc.cl\/index.php\/wp-json\/wp\/v2\/comments?post=77"}],"wp:featuredmedia":[{"embeddable":true,"href":"https:\/\/lorenzoc.cl\/index.php\/wp-json\/wp\/v2\/media\/78"}],"wp:attachment":[{"href":"https:\/\/lorenzoc.cl\/index.php\/wp-json\/wp\/v2\/media?parent=77"}],"wp:term":[{"taxonomy":"product_brand","embeddable":true,"href":"https:\/\/lorenzoc.cl\/index.php\/wp-json\/wp\/v2\/product_brand?post=77"},{"taxonomy":"product_cat","embeddable":true,"href":"https:\/\/lorenzoc.cl\/index.php\/wp-json\/wp\/v2\/product_cat?post=77"},{"taxonomy":"product_tag","embeddable":true,"href":"https:\/\/lorenzoc.cl\/index.php\/wp-json\/wp\/v2\/product_tag?post=77"}],"curies":[{"name":"wp","href":"https:\/\/api.w.org\/{rel}","templated":true}]}}