{"id":66,"date":"2025-10-01T22:56:49","date_gmt":"2025-10-01T22:56:49","guid":{"rendered":"https:\/\/lorenzoc.cl\/?post_type=product&#038;p=66"},"modified":"2025-10-01T22:57:09","modified_gmt":"2025-10-01T22:57:09","slug":"cafetera-francesa-o-de-embolo-600cc","status":"publish","type":"product","link":"https:\/\/lorenzoc.cl\/index.php\/producto\/cafetera-francesa-o-de-embolo-600cc\/","title":{"rendered":"Cafetera Francesa o de Embolo 600cc"},"content":{"rendered":"<p>El equilibrio justo entre practicidad y capacidad. La cafetera de \u00e9mbolo de <strong data-start=\"700\" data-end=\"710\">600 cc<\/strong> te permite preparar alrededor de <strong data-start=\"744\" data-end=\"759\">4 a 5 tazas<\/strong> de caf\u00e9 delicioso, ideal para compartir en desayunos familiares o con amigos. Su dise\u00f1o elegante y resistente permite extraer todos los aceites y aromas del caf\u00e9, logrando una bebida intensa y natural. Una opci\u00f3n vers\u00e1til para quienes disfrutan tanto de momentos personales como de instancias para compartir.<\/p>\n","protected":false},"excerpt":{"rendered":"<p>El equilibrio justo entre practicidad y capacidad. La cafetera de \u00e9mbolo de 600 cc te permite preparar alrededor de 4 a 5 tazas de caf\u00e9 delicioso, ideal para compartir en desayunos familiares o con amigos. Su dise\u00f1o elegante y resistente permite extraer todos los aceites y aromas del caf\u00e9, logrando una bebida intensa y natural. [&hellip;]<\/p>\n","protected":false},"featured_media":64,"comment_status":"open","ping_status":"closed","template":"","meta":[],"product_brand":[],"product_cat":[17],"product_tag":[],"class_list":{"0":"post-66","1":"product","2":"type-product","3":"status-publish","4":"has-post-thumbnail","6":"product_cat-accesorios-cafe","8":"first","9":"instock","10":"taxable","11":"shipping-taxable","12":"purchasable","13":"product-type-simple"},"yoast_head":"<!-- This site is optimized with the Yoast SEO plugin v27.3 - https:\/\/yoast.com\/product\/yoast-seo-wordpress\/ -->\n<title>Cafetera Francesa o de Embolo 600cc - Lorenzo Roasting Coffee<\/title>\n<meta name=\"robots\" content=\"index, follow, max-snippet:-1, max-image-preview:large, max-video-preview:-1\" \/>\n<link rel=\"canonical\" href=\"https:\/\/lorenzoc.cl\/index.php\/producto\/cafetera-francesa-o-de-embolo-600cc\/\" \/>\n<meta property=\"og:locale\" content=\"es_ES\" \/>\n<meta property=\"og:type\" content=\"article\" \/>\n<meta property=\"og:title\" content=\"Cafetera Francesa o de Embolo 600cc - Lorenzo Roasting Coffee\" \/>\n<meta property=\"og:description\" content=\"El equilibrio justo entre practicidad y capacidad. La cafetera de \u00e9mbolo de 600 cc te permite preparar alrededor de 4 a 5 tazas de caf\u00e9 delicioso, ideal para compartir en desayunos familiares o con amigos. Su dise\u00f1o elegante y resistente permite extraer todos los aceites y aromas del caf\u00e9, logrando una bebida intensa y natural. [&hellip;]\" \/>\n<meta property=\"og:url\" content=\"https:\/\/lorenzoc.cl\/index.php\/producto\/cafetera-francesa-o-de-embolo-600cc\/\" \/>\n<meta property=\"og:site_name\" content=\"Lorenzo Roasting Coffee\" \/>\n<meta property=\"article:modified_time\" content=\"2025-10-01T22:57:09+00:00\" \/>\n<meta property=\"og:image\" content=\"https:\/\/lorenzoc.cl\/wp-content\/uploads\/2025\/10\/D_NQ_NP_636150-MLA84982462933_052025-O.webp\" \/>\n\t<meta property=\"og:image:width\" content=\"500\" \/>\n\t<meta property=\"og:image:height\" content=\"500\" \/>\n\t<meta property=\"og:image:type\" content=\"image\/webp\" \/>\n<meta name=\"twitter:card\" content=\"summary_large_image\" \/>\n<meta name=\"twitter:label1\" content=\"Tiempo de lectura\" \/>\n\t<meta name=\"twitter:data1\" content=\"1 minuto\" \/>\n<script type=\"application\/ld+json\" class=\"yoast-schema-graph\">{\"@context\":\"https:\\\/\\\/schema.org\",\"@graph\":[{\"@type\":\"WebPage\",\"@id\":\"https:\\\/\\\/lorenzoc.cl\\\/index.php\\\/producto\\\/cafetera-francesa-o-de-embolo-600cc\\\/\",\"url\":\"https:\\\/\\\/lorenzoc.cl\\\/index.php\\\/producto\\\/cafetera-francesa-o-de-embolo-600cc\\\/\",\"name\":\"Cafetera Francesa o de Embolo 600cc - Lorenzo Roasting Coffee\",\"isPartOf\":{\"@id\":\"https:\\\/\\\/lorenzoc.cl\\\/#website\"},\"primaryImageOfPage\":{\"@id\":\"https:\\\/\\\/lorenzoc.cl\\\/index.php\\\/producto\\\/cafetera-francesa-o-de-embolo-600cc\\\/#primaryimage\"},\"image\":{\"@id\":\"https:\\\/\\\/lorenzoc.cl\\\/index.php\\\/producto\\\/cafetera-francesa-o-de-embolo-600cc\\\/#primaryimage\"},\"thumbnailUrl\":\"https:\\\/\\\/lorenzoc.cl\\\/wp-content\\\/uploads\\\/2025\\\/10\\\/D_NQ_NP_636150-MLA84982462933_052025-O.webp\",\"datePublished\":\"2025-10-01T22:56:49+00:00\",\"dateModified\":\"2025-10-01T22:57:09+00:00\",\"breadcrumb\":{\"@id\":\"https:\\\/\\\/lorenzoc.cl\\\/index.php\\\/producto\\\/cafetera-francesa-o-de-embolo-600cc\\\/#breadcrumb\"},\"inLanguage\":\"es\",\"potentialAction\":[{\"@type\":\"ReadAction\",\"target\":[\"https:\\\/\\\/lorenzoc.cl\\\/index.php\\\/producto\\\/cafetera-francesa-o-de-embolo-600cc\\\/\"]}]},{\"@type\":\"ImageObject\",\"inLanguage\":\"es\",\"@id\":\"https:\\\/\\\/lorenzoc.cl\\\/index.php\\\/producto\\\/cafetera-francesa-o-de-embolo-600cc\\\/#primaryimage\",\"url\":\"https:\\\/\\\/lorenzoc.cl\\\/wp-content\\\/uploads\\\/2025\\\/10\\\/D_NQ_NP_636150-MLA84982462933_052025-O.webp\",\"contentUrl\":\"https:\\\/\\\/lorenzoc.cl\\\/wp-content\\\/uploads\\\/2025\\\/10\\\/D_NQ_NP_636150-MLA84982462933_052025-O.webp\",\"width\":500,\"height\":500},{\"@type\":\"BreadcrumbList\",\"@id\":\"https:\\\/\\\/lorenzoc.cl\\\/index.php\\\/producto\\\/cafetera-francesa-o-de-embolo-600cc\\\/#breadcrumb\",\"itemListElement\":[{\"@type\":\"ListItem\",\"position\":1,\"name\":\"Portada\",\"item\":\"https:\\\/\\\/lorenzoc.cl\\\/\"},{\"@type\":\"ListItem\",\"position\":2,\"name\":\"Tienda\",\"item\":\"https:\\\/\\\/lorenzoc.cl\\\/\"},{\"@type\":\"ListItem\",\"position\":3,\"name\":\"Cafetera Francesa o de Embolo 600cc\"}]},{\"@type\":\"WebSite\",\"@id\":\"https:\\\/\\\/lorenzoc.cl\\\/#website\",\"url\":\"https:\\\/\\\/lorenzoc.cl\\\/\",\"name\":\"Lorenzo Roasting Coffee\",\"description\":\"Un equipo de tostaduria de caf\u00e9 de especialidad\",\"potentialAction\":[{\"@type\":\"SearchAction\",\"target\":{\"@type\":\"EntryPoint\",\"urlTemplate\":\"https:\\\/\\\/lorenzoc.cl\\\/?s={search_term_string}\"},\"query-input\":{\"@type\":\"PropertyValueSpecification\",\"valueRequired\":true,\"valueName\":\"search_term_string\"}}],\"inLanguage\":\"es\"}]}<\/script>\n<!-- \/ Yoast SEO plugin. -->","yoast_head_json":{"title":"Cafetera Francesa o de Embolo 600cc - Lorenzo Roasting Coffee","robots":{"index":"index","follow":"follow","max-snippet":"max-snippet:-1","max-image-preview":"max-image-preview:large","max-video-preview":"max-video-preview:-1"},"canonical":"https:\/\/lorenzoc.cl\/index.php\/producto\/cafetera-francesa-o-de-embolo-600cc\/","og_locale":"es_ES","og_type":"article","og_title":"Cafetera Francesa o de Embolo 600cc - Lorenzo Roasting Coffee","og_description":"El equilibrio justo entre practicidad y capacidad. La cafetera de \u00e9mbolo de 600 cc te permite preparar alrededor de 4 a 5 tazas de caf\u00e9 delicioso, ideal para compartir en desayunos familiares o con amigos. Su dise\u00f1o elegante y resistente permite extraer todos los aceites y aromas del caf\u00e9, logrando una bebida intensa y natural. [&hellip;]","og_url":"https:\/\/lorenzoc.cl\/index.php\/producto\/cafetera-francesa-o-de-embolo-600cc\/","og_site_name":"Lorenzo Roasting Coffee","article_modified_time":"2025-10-01T22:57:09+00:00","og_image":[{"width":500,"height":500,"url":"https:\/\/lorenzoc.cl\/wp-content\/uploads\/2025\/10\/D_NQ_NP_636150-MLA84982462933_052025-O.webp","type":"image\/webp"}],"twitter_card":"summary_large_image","twitter_misc":{"Tiempo de lectura":"1 minuto"},"schema":{"@context":"https:\/\/schema.org","@graph":[{"@type":"WebPage","@id":"https:\/\/lorenzoc.cl\/index.php\/producto\/cafetera-francesa-o-de-embolo-600cc\/","url":"https:\/\/lorenzoc.cl\/index.php\/producto\/cafetera-francesa-o-de-embolo-600cc\/","name":"Cafetera Francesa o de Embolo 600cc - Lorenzo Roasting Coffee","isPartOf":{"@id":"https:\/\/lorenzoc.cl\/#website"},"primaryImageOfPage":{"@id":"https:\/\/lorenzoc.cl\/index.php\/producto\/cafetera-francesa-o-de-embolo-600cc\/#primaryimage"},"image":{"@id":"https:\/\/lorenzoc.cl\/index.php\/producto\/cafetera-francesa-o-de-embolo-600cc\/#primaryimage"},"thumbnailUrl":"https:\/\/lorenzoc.cl\/wp-content\/uploads\/2025\/10\/D_NQ_NP_636150-MLA84982462933_052025-O.webp","datePublished":"2025-10-01T22:56:49+00:00","dateModified":"2025-10-01T22:57:09+00:00","breadcrumb":{"@id":"https:\/\/lorenzoc.cl\/index.php\/producto\/cafetera-francesa-o-de-embolo-600cc\/#breadcrumb"},"inLanguage":"es","potentialAction":[{"@type":"ReadAction","target":["https:\/\/lorenzoc.cl\/index.php\/producto\/cafetera-francesa-o-de-embolo-600cc\/"]}]},{"@type":"ImageObject","inLanguage":"es","@id":"https:\/\/lorenzoc.cl\/index.php\/producto\/cafetera-francesa-o-de-embolo-600cc\/#primaryimage","url":"https:\/\/lorenzoc.cl\/wp-content\/uploads\/2025\/10\/D_NQ_NP_636150-MLA84982462933_052025-O.webp","contentUrl":"https:\/\/lorenzoc.cl\/wp-content\/uploads\/2025\/10\/D_NQ_NP_636150-MLA84982462933_052025-O.webp","width":500,"height":500},{"@type":"BreadcrumbList","@id":"https:\/\/lorenzoc.cl\/index.php\/producto\/cafetera-francesa-o-de-embolo-600cc\/#breadcrumb","itemListElement":[{"@type":"ListItem","position":1,"name":"Portada","item":"https:\/\/lorenzoc.cl\/"},{"@type":"ListItem","position":2,"name":"Tienda","item":"https:\/\/lorenzoc.cl\/"},{"@type":"ListItem","position":3,"name":"Cafetera Francesa o de Embolo 600cc"}]},{"@type":"WebSite","@id":"https:\/\/lorenzoc.cl\/#website","url":"https:\/\/lorenzoc.cl\/","name":"Lorenzo Roasting Coffee","description":"Un equipo de tostaduria de caf\u00e9 de especialidad","potentialAction":[{"@type":"SearchAction","target":{"@type":"EntryPoint","urlTemplate":"https:\/\/lorenzoc.cl\/?s={search_term_string}"},"query-input":{"@type":"PropertyValueSpecification","valueRequired":true,"valueName":"search_term_string"}}],"inLanguage":"es"}]}},"jetpack_sharing_enabled":true,"_links":{"self":[{"href":"https:\/\/lorenzoc.cl\/index.php\/wp-json\/wp\/v2\/product\/66","targetHints":{"allow":["GET"]}}],"collection":[{"href":"https:\/\/lorenzoc.cl\/index.php\/wp-json\/wp\/v2\/product"}],"about":[{"href":"https:\/\/lorenzoc.cl\/index.php\/wp-json\/wp\/v2\/types\/product"}],"replies":[{"embeddable":true,"href":"https:\/\/lorenzoc.cl\/index.php\/wp-json\/wp\/v2\/comments?post=66"}],"wp:featuredmedia":[{"embeddable":true,"href":"https:\/\/lorenzoc.cl\/index.php\/wp-json\/wp\/v2\/media\/64"}],"wp:attachment":[{"href":"https:\/\/lorenzoc.cl\/index.php\/wp-json\/wp\/v2\/media?parent=66"}],"wp:term":[{"taxonomy":"product_brand","embeddable":true,"href":"https:\/\/lorenzoc.cl\/index.php\/wp-json\/wp\/v2\/product_brand?post=66"},{"taxonomy":"product_cat","embeddable":true,"href":"https:\/\/lorenzoc.cl\/index.php\/wp-json\/wp\/v2\/product_cat?post=66"},{"taxonomy":"product_tag","embeddable":true,"href":"https:\/\/lorenzoc.cl\/index.php\/wp-json\/wp\/v2\/product_tag?post=66"}],"curies":[{"name":"wp","href":"https:\/\/api.w.org\/{rel}","templated":true}]}}