{"id":59,"date":"2025-10-01T22:34:02","date_gmt":"2025-10-01T22:34:02","guid":{"rendered":"https:\/\/lorenzoc.cl\/?post_type=product&#038;p=59"},"modified":"2025-10-01T22:48:19","modified_gmt":"2025-10-01T22:48:19","slug":"cafetera-italiana-9-tazas","status":"publish","type":"product","link":"https:\/\/lorenzoc.cl\/index.php\/producto\/cafetera-italiana-9-tazas\/","title":{"rendered":"Cafetera Italiana o Moka 9 Tazas"},"content":{"rendered":"<p>M\u00e1s caf\u00e9, m\u00e1s momentos para disfrutar. Con la <strong data-start=\"1243\" data-end=\"1266\">cafetera de 9 tazas<\/strong>, podr\u00e1s servir a un grupo mediano sin preocuparte por preparar varias rondas. Ideal para sobremesas, tardes de trabajo o esas reuniones que se alargan, su capacidad asegura que nadie se quede sin su taza. Fabricada en aluminio de alta calidad, combina practicidad y sabor, brind\u00e1ndote un caf\u00e9 fuerte y arom\u00e1tico que une a todos en la mesa.<\/p>\n<h2 data-start=\"2132\" data-end=\"2166\">Compatibilidad con cocinas<\/h2>\n<p data-start=\"2167\" data-end=\"2522\">Esta cafetera italiana est\u00e1 fabricada en <strong data-start=\"2208\" data-end=\"2236\">aluminio de alta calidad<\/strong>, lo que la hace ideal para <strong data-start=\"2264\" data-end=\"2310\">cocinas a gas, el\u00e9ctricas y vitrocer\u00e1micas<\/strong>. Ten en cuenta que, como la mayor\u00eda de las mokas tradicionales de aluminio, <strong data-start=\"2387\" data-end=\"2432\">no es compatible con cocinas de inducci\u00f3n<\/strong> a menos que cuentes con un adaptador especial o un modelo con base de acero inoxidable.<\/p>\n","protected":false},"excerpt":{"rendered":"<p>M\u00e1s caf\u00e9, m\u00e1s momentos para disfrutar. Con la cafetera de 9 tazas, podr\u00e1s servir a un grupo mediano sin preocuparte por preparar varias rondas. Ideal para sobremesas, tardes de trabajo o esas reuniones que se alargan, su capacidad asegura que nadie se quede sin su taza. Fabricada en aluminio de alta calidad, combina practicidad y [&hellip;]<\/p>\n","protected":false},"featured_media":56,"comment_status":"open","ping_status":"closed","template":"","meta":[],"product_brand":[],"product_cat":[17],"product_tag":[],"class_list":{"0":"post-59","1":"product","2":"type-product","3":"status-publish","4":"has-post-thumbnail","6":"product_cat-accesorios-cafe","8":"first","9":"instock","10":"taxable","11":"shipping-taxable","12":"purchasable","13":"product-type-simple"},"yoast_head":"<!-- This site is optimized with the Yoast SEO plugin v27.3 - https:\/\/yoast.com\/product\/yoast-seo-wordpress\/ -->\n<title>Cafetera Italiana o Moka 9 Tazas - Lorenzo Roasting Coffee<\/title>\n<meta name=\"robots\" content=\"index, follow, max-snippet:-1, max-image-preview:large, max-video-preview:-1\" \/>\n<link rel=\"canonical\" href=\"https:\/\/lorenzoc.cl\/index.php\/producto\/cafetera-italiana-9-tazas\/\" \/>\n<meta property=\"og:locale\" content=\"es_ES\" \/>\n<meta property=\"og:type\" content=\"article\" \/>\n<meta property=\"og:title\" content=\"Cafetera Italiana o Moka 9 Tazas - Lorenzo Roasting Coffee\" \/>\n<meta property=\"og:description\" content=\"M\u00e1s caf\u00e9, m\u00e1s momentos para disfrutar. Con la cafetera de 9 tazas, podr\u00e1s servir a un grupo mediano sin preocuparte por preparar varias rondas. Ideal para sobremesas, tardes de trabajo o esas reuniones que se alargan, su capacidad asegura que nadie se quede sin su taza. Fabricada en aluminio de alta calidad, combina practicidad y [&hellip;]\" \/>\n<meta property=\"og:url\" content=\"https:\/\/lorenzoc.cl\/index.php\/producto\/cafetera-italiana-9-tazas\/\" \/>\n<meta property=\"og:site_name\" content=\"Lorenzo Roasting Coffee\" \/>\n<meta property=\"article:modified_time\" content=\"2025-10-01T22:48:19+00:00\" \/>\n<meta property=\"og:image\" content=\"https:\/\/lorenzoc.cl\/wp-content\/uploads\/2025\/10\/AC02_1.png\" \/>\n\t<meta property=\"og:image:width\" content=\"565\" \/>\n\t<meta property=\"og:image:height\" content=\"625\" \/>\n\t<meta property=\"og:image:type\" content=\"image\/png\" \/>\n<meta name=\"twitter:card\" content=\"summary_large_image\" \/>\n<meta name=\"twitter:label1\" content=\"Tiempo de lectura\" \/>\n\t<meta name=\"twitter:data1\" content=\"1 minuto\" \/>\n<script type=\"application\/ld+json\" class=\"yoast-schema-graph\">{\"@context\":\"https:\\\/\\\/schema.org\",\"@graph\":[{\"@type\":\"WebPage\",\"@id\":\"https:\\\/\\\/lorenzoc.cl\\\/index.php\\\/producto\\\/cafetera-italiana-9-tazas\\\/\",\"url\":\"https:\\\/\\\/lorenzoc.cl\\\/index.php\\\/producto\\\/cafetera-italiana-9-tazas\\\/\",\"name\":\"Cafetera Italiana o Moka 9 Tazas - Lorenzo Roasting Coffee\",\"isPartOf\":{\"@id\":\"https:\\\/\\\/lorenzoc.cl\\\/#website\"},\"primaryImageOfPage\":{\"@id\":\"https:\\\/\\\/lorenzoc.cl\\\/index.php\\\/producto\\\/cafetera-italiana-9-tazas\\\/#primaryimage\"},\"image\":{\"@id\":\"https:\\\/\\\/lorenzoc.cl\\\/index.php\\\/producto\\\/cafetera-italiana-9-tazas\\\/#primaryimage\"},\"thumbnailUrl\":\"https:\\\/\\\/lorenzoc.cl\\\/wp-content\\\/uploads\\\/2025\\\/10\\\/AC02_1.png\",\"datePublished\":\"2025-10-01T22:34:02+00:00\",\"dateModified\":\"2025-10-01T22:48:19+00:00\",\"breadcrumb\":{\"@id\":\"https:\\\/\\\/lorenzoc.cl\\\/index.php\\\/producto\\\/cafetera-italiana-9-tazas\\\/#breadcrumb\"},\"inLanguage\":\"es\",\"potentialAction\":[{\"@type\":\"ReadAction\",\"target\":[\"https:\\\/\\\/lorenzoc.cl\\\/index.php\\\/producto\\\/cafetera-italiana-9-tazas\\\/\"]}]},{\"@type\":\"ImageObject\",\"inLanguage\":\"es\",\"@id\":\"https:\\\/\\\/lorenzoc.cl\\\/index.php\\\/producto\\\/cafetera-italiana-9-tazas\\\/#primaryimage\",\"url\":\"https:\\\/\\\/lorenzoc.cl\\\/wp-content\\\/uploads\\\/2025\\\/10\\\/AC02_1.png\",\"contentUrl\":\"https:\\\/\\\/lorenzoc.cl\\\/wp-content\\\/uploads\\\/2025\\\/10\\\/AC02_1.png\",\"width\":565,\"height\":625},{\"@type\":\"BreadcrumbList\",\"@id\":\"https:\\\/\\\/lorenzoc.cl\\\/index.php\\\/producto\\\/cafetera-italiana-9-tazas\\\/#breadcrumb\",\"itemListElement\":[{\"@type\":\"ListItem\",\"position\":1,\"name\":\"Portada\",\"item\":\"https:\\\/\\\/lorenzoc.cl\\\/\"},{\"@type\":\"ListItem\",\"position\":2,\"name\":\"Tienda\",\"item\":\"https:\\\/\\\/lorenzoc.cl\\\/\"},{\"@type\":\"ListItem\",\"position\":3,\"name\":\"Cafetera Italiana o Moka 9 Tazas\"}]},{\"@type\":\"WebSite\",\"@id\":\"https:\\\/\\\/lorenzoc.cl\\\/#website\",\"url\":\"https:\\\/\\\/lorenzoc.cl\\\/\",\"name\":\"Lorenzo Roasting Coffee\",\"description\":\"Un equipo de tostaduria de caf\u00e9 de especialidad\",\"potentialAction\":[{\"@type\":\"SearchAction\",\"target\":{\"@type\":\"EntryPoint\",\"urlTemplate\":\"https:\\\/\\\/lorenzoc.cl\\\/?s={search_term_string}\"},\"query-input\":{\"@type\":\"PropertyValueSpecification\",\"valueRequired\":true,\"valueName\":\"search_term_string\"}}],\"inLanguage\":\"es\"}]}<\/script>\n<!-- \/ Yoast SEO plugin. -->","yoast_head_json":{"title":"Cafetera Italiana o Moka 9 Tazas - Lorenzo Roasting Coffee","robots":{"index":"index","follow":"follow","max-snippet":"max-snippet:-1","max-image-preview":"max-image-preview:large","max-video-preview":"max-video-preview:-1"},"canonical":"https:\/\/lorenzoc.cl\/index.php\/producto\/cafetera-italiana-9-tazas\/","og_locale":"es_ES","og_type":"article","og_title":"Cafetera Italiana o Moka 9 Tazas - Lorenzo Roasting Coffee","og_description":"M\u00e1s caf\u00e9, m\u00e1s momentos para disfrutar. Con la cafetera de 9 tazas, podr\u00e1s servir a un grupo mediano sin preocuparte por preparar varias rondas. Ideal para sobremesas, tardes de trabajo o esas reuniones que se alargan, su capacidad asegura que nadie se quede sin su taza. Fabricada en aluminio de alta calidad, combina practicidad y [&hellip;]","og_url":"https:\/\/lorenzoc.cl\/index.php\/producto\/cafetera-italiana-9-tazas\/","og_site_name":"Lorenzo Roasting Coffee","article_modified_time":"2025-10-01T22:48:19+00:00","og_image":[{"width":565,"height":625,"url":"https:\/\/lorenzoc.cl\/wp-content\/uploads\/2025\/10\/AC02_1.png","type":"image\/png"}],"twitter_card":"summary_large_image","twitter_misc":{"Tiempo de lectura":"1 minuto"},"schema":{"@context":"https:\/\/schema.org","@graph":[{"@type":"WebPage","@id":"https:\/\/lorenzoc.cl\/index.php\/producto\/cafetera-italiana-9-tazas\/","url":"https:\/\/lorenzoc.cl\/index.php\/producto\/cafetera-italiana-9-tazas\/","name":"Cafetera Italiana o Moka 9 Tazas - Lorenzo Roasting Coffee","isPartOf":{"@id":"https:\/\/lorenzoc.cl\/#website"},"primaryImageOfPage":{"@id":"https:\/\/lorenzoc.cl\/index.php\/producto\/cafetera-italiana-9-tazas\/#primaryimage"},"image":{"@id":"https:\/\/lorenzoc.cl\/index.php\/producto\/cafetera-italiana-9-tazas\/#primaryimage"},"thumbnailUrl":"https:\/\/lorenzoc.cl\/wp-content\/uploads\/2025\/10\/AC02_1.png","datePublished":"2025-10-01T22:34:02+00:00","dateModified":"2025-10-01T22:48:19+00:00","breadcrumb":{"@id":"https:\/\/lorenzoc.cl\/index.php\/producto\/cafetera-italiana-9-tazas\/#breadcrumb"},"inLanguage":"es","potentialAction":[{"@type":"ReadAction","target":["https:\/\/lorenzoc.cl\/index.php\/producto\/cafetera-italiana-9-tazas\/"]}]},{"@type":"ImageObject","inLanguage":"es","@id":"https:\/\/lorenzoc.cl\/index.php\/producto\/cafetera-italiana-9-tazas\/#primaryimage","url":"https:\/\/lorenzoc.cl\/wp-content\/uploads\/2025\/10\/AC02_1.png","contentUrl":"https:\/\/lorenzoc.cl\/wp-content\/uploads\/2025\/10\/AC02_1.png","width":565,"height":625},{"@type":"BreadcrumbList","@id":"https:\/\/lorenzoc.cl\/index.php\/producto\/cafetera-italiana-9-tazas\/#breadcrumb","itemListElement":[{"@type":"ListItem","position":1,"name":"Portada","item":"https:\/\/lorenzoc.cl\/"},{"@type":"ListItem","position":2,"name":"Tienda","item":"https:\/\/lorenzoc.cl\/"},{"@type":"ListItem","position":3,"name":"Cafetera Italiana o Moka 9 Tazas"}]},{"@type":"WebSite","@id":"https:\/\/lorenzoc.cl\/#website","url":"https:\/\/lorenzoc.cl\/","name":"Lorenzo Roasting Coffee","description":"Un equipo de tostaduria de caf\u00e9 de especialidad","potentialAction":[{"@type":"SearchAction","target":{"@type":"EntryPoint","urlTemplate":"https:\/\/lorenzoc.cl\/?s={search_term_string}"},"query-input":{"@type":"PropertyValueSpecification","valueRequired":true,"valueName":"search_term_string"}}],"inLanguage":"es"}]}},"jetpack_sharing_enabled":true,"_links":{"self":[{"href":"https:\/\/lorenzoc.cl\/index.php\/wp-json\/wp\/v2\/product\/59","targetHints":{"allow":["GET"]}}],"collection":[{"href":"https:\/\/lorenzoc.cl\/index.php\/wp-json\/wp\/v2\/product"}],"about":[{"href":"https:\/\/lorenzoc.cl\/index.php\/wp-json\/wp\/v2\/types\/product"}],"replies":[{"embeddable":true,"href":"https:\/\/lorenzoc.cl\/index.php\/wp-json\/wp\/v2\/comments?post=59"}],"wp:featuredmedia":[{"embeddable":true,"href":"https:\/\/lorenzoc.cl\/index.php\/wp-json\/wp\/v2\/media\/56"}],"wp:attachment":[{"href":"https:\/\/lorenzoc.cl\/index.php\/wp-json\/wp\/v2\/media?parent=59"}],"wp:term":[{"taxonomy":"product_brand","embeddable":true,"href":"https:\/\/lorenzoc.cl\/index.php\/wp-json\/wp\/v2\/product_brand?post=59"},{"taxonomy":"product_cat","embeddable":true,"href":"https:\/\/lorenzoc.cl\/index.php\/wp-json\/wp\/v2\/product_cat?post=59"},{"taxonomy":"product_tag","embeddable":true,"href":"https:\/\/lorenzoc.cl\/index.php\/wp-json\/wp\/v2\/product_tag?post=59"}],"curies":[{"name":"wp","href":"https:\/\/api.w.org\/{rel}","templated":true}]}}