{"id":49,"date":"2025-10-01T22:13:35","date_gmt":"2025-10-01T22:13:35","guid":{"rendered":"https:\/\/lorenzoc.cl\/?post_type=product&#038;p=49"},"modified":"2025-10-01T22:46:12","modified_gmt":"2025-10-01T22:46:12","slug":"termo-acero-inoxidable-1-9-litros","status":"publish","type":"product","link":"https:\/\/lorenzoc.cl\/index.php\/producto\/termo-acero-inoxidable-1-9-litros\/","title":{"rendered":"Termo Acero Inoxidable 1.9 Litros con Sif\u00f3n"},"content":{"rendered":"<p data-start=\"112\" data-end=\"302\"><strong data-start=\"115\" data-end=\"150\">Termo de 1,9 L acero inoxidable<\/strong>\u00a0<br data-start=\"153\" data-end=\"156\" \/>Mant\u00e9n tus bebidas a la temperatura perfecta por <strong data-start=\"205\" data-end=\"223\">hasta 24 horas<\/strong>. Ideal para caf\u00e9, jugos o refrescos en reuniones, paseos o cenas familiares.<\/p>\n<p data-start=\"304\" data-end=\"340\"><strong data-start=\"306\" data-end=\"337\">Caracter\u00edsticas principales<\/strong>:<\/p>\n<ul data-start=\"341\" data-end=\"635\">\n<li data-start=\"341\" data-end=\"371\">\n<p data-start=\"343\" data-end=\"371\">Capacidad: <strong data-start=\"354\" data-end=\"368\">1,9 litros<\/strong>.<\/p>\n<\/li>\n<li data-start=\"372\" data-end=\"417\">\n<p data-start=\"374\" data-end=\"417\">Conserva fr\u00edo o calor hasta <strong data-start=\"402\" data-end=\"414\">24 horas<\/strong>.<\/p>\n<\/li>\n<li data-start=\"418\" data-end=\"484\">\n<p data-start=\"420\" data-end=\"484\">Exterior de <strong data-start=\"432\" data-end=\"452\">acero inoxidable<\/strong> y tapa de <strong data-start=\"463\" data-end=\"481\">ABS resistente<\/strong>.<\/p>\n<\/li>\n<li data-start=\"485\" data-end=\"529\">\n<p data-start=\"487\" data-end=\"529\"><strong data-start=\"487\" data-end=\"508\">Bot\u00f3n dispensador<\/strong> con seguro on\/off.<\/p>\n<\/li>\n<li data-start=\"530\" data-end=\"569\">\n<p data-start=\"532\" data-end=\"569\">Sistema de sellado que evita fugas.<\/p>\n<\/li>\n<li data-start=\"570\" data-end=\"635\">\n<p data-start=\"572\" data-end=\"635\">Medidas: <strong data-start=\"581\" data-end=\"598\">42 cm de alto<\/strong> (con asa) x <strong data-start=\"611\" data-end=\"632\">20 cm de di\u00e1metro<\/strong>.<\/p>\n<\/li>\n<\/ul>\n<p data-start=\"637\" data-end=\"725\">Un termo <strong data-start=\"646\" data-end=\"680\">duradero, pr\u00e1ctico y confiable<\/strong>, pensado para acompa\u00f1arte en cada momento.<\/p>\n","protected":false},"excerpt":{"rendered":"<p>Termo de 1,9 L acero inoxidable\u00a0Mant\u00e9n tus bebidas a la temperatura perfecta por hasta 24 horas. Ideal para caf\u00e9, jugos o refrescos en reuniones, paseos o cenas familiares. Caracter\u00edsticas principales: Capacidad: 1,9 litros. Conserva fr\u00edo o calor hasta 24 horas. Exterior de acero inoxidable y tapa de ABS resistente. Bot\u00f3n dispensador con seguro on\/off. Sistema [&hellip;]<\/p>\n","protected":false},"featured_media":50,"comment_status":"open","ping_status":"closed","template":"","meta":[],"product_brand":[],"product_cat":[17],"product_tag":[],"class_list":{"0":"post-49","1":"product","2":"type-product","3":"status-publish","4":"has-post-thumbnail","6":"product_cat-accesorios-cafe","8":"first","9":"instock","10":"taxable","11":"shipping-taxable","12":"purchasable","13":"product-type-simple"},"yoast_head":"<!-- This site is optimized with the Yoast SEO plugin v27.3 - https:\/\/yoast.com\/product\/yoast-seo-wordpress\/ -->\n<title>Termo Acero Inoxidable 1.9 Litros con Sif\u00f3n - Lorenzo Roasting Coffee<\/title>\n<meta name=\"robots\" content=\"index, follow, max-snippet:-1, max-image-preview:large, max-video-preview:-1\" \/>\n<link rel=\"canonical\" href=\"https:\/\/lorenzoc.cl\/index.php\/producto\/termo-acero-inoxidable-1-9-litros\/\" \/>\n<meta property=\"og:locale\" content=\"es_ES\" \/>\n<meta property=\"og:type\" content=\"article\" \/>\n<meta property=\"og:title\" content=\"Termo Acero Inoxidable 1.9 Litros con Sif\u00f3n - Lorenzo Roasting Coffee\" \/>\n<meta property=\"og:description\" content=\"Termo de 1,9 L acero inoxidable\u00a0Mant\u00e9n tus bebidas a la temperatura perfecta por hasta 24 horas. Ideal para caf\u00e9, jugos o refrescos en reuniones, paseos o cenas familiares. Caracter\u00edsticas principales: Capacidad: 1,9 litros. Conserva fr\u00edo o calor hasta 24 horas. Exterior de acero inoxidable y tapa de ABS resistente. Bot\u00f3n dispensador con seguro on\/off. Sistema [&hellip;]\" \/>\n<meta property=\"og:url\" content=\"https:\/\/lorenzoc.cl\/index.php\/producto\/termo-acero-inoxidable-1-9-litros\/\" \/>\n<meta property=\"og:site_name\" content=\"Lorenzo Roasting Coffee\" \/>\n<meta property=\"article:modified_time\" content=\"2025-10-01T22:46:12+00:00\" \/>\n<meta property=\"og:image\" content=\"https:\/\/lorenzoc.cl\/wp-content\/uploads\/2025\/10\/D_NQ_NP_859733-MLU82450000458_022025-O.webp\" \/>\n\t<meta property=\"og:image:width\" content=\"357\" \/>\n\t<meta property=\"og:image:height\" content=\"500\" \/>\n\t<meta property=\"og:image:type\" content=\"image\/webp\" \/>\n<meta name=\"twitter:card\" content=\"summary_large_image\" \/>\n<meta name=\"twitter:label1\" content=\"Tiempo de lectura\" \/>\n\t<meta name=\"twitter:data1\" content=\"1 minuto\" \/>\n<script type=\"application\/ld+json\" class=\"yoast-schema-graph\">{\"@context\":\"https:\\\/\\\/schema.org\",\"@graph\":[{\"@type\":\"WebPage\",\"@id\":\"https:\\\/\\\/lorenzoc.cl\\\/index.php\\\/producto\\\/termo-acero-inoxidable-1-9-litros\\\/\",\"url\":\"https:\\\/\\\/lorenzoc.cl\\\/index.php\\\/producto\\\/termo-acero-inoxidable-1-9-litros\\\/\",\"name\":\"Termo Acero Inoxidable 1.9 Litros con Sif\u00f3n - Lorenzo Roasting Coffee\",\"isPartOf\":{\"@id\":\"https:\\\/\\\/lorenzoc.cl\\\/#website\"},\"primaryImageOfPage\":{\"@id\":\"https:\\\/\\\/lorenzoc.cl\\\/index.php\\\/producto\\\/termo-acero-inoxidable-1-9-litros\\\/#primaryimage\"},\"image\":{\"@id\":\"https:\\\/\\\/lorenzoc.cl\\\/index.php\\\/producto\\\/termo-acero-inoxidable-1-9-litros\\\/#primaryimage\"},\"thumbnailUrl\":\"https:\\\/\\\/lorenzoc.cl\\\/wp-content\\\/uploads\\\/2025\\\/10\\\/D_NQ_NP_859733-MLU82450000458_022025-O.webp\",\"datePublished\":\"2025-10-01T22:13:35+00:00\",\"dateModified\":\"2025-10-01T22:46:12+00:00\",\"breadcrumb\":{\"@id\":\"https:\\\/\\\/lorenzoc.cl\\\/index.php\\\/producto\\\/termo-acero-inoxidable-1-9-litros\\\/#breadcrumb\"},\"inLanguage\":\"es\",\"potentialAction\":[{\"@type\":\"ReadAction\",\"target\":[\"https:\\\/\\\/lorenzoc.cl\\\/index.php\\\/producto\\\/termo-acero-inoxidable-1-9-litros\\\/\"]}]},{\"@type\":\"ImageObject\",\"inLanguage\":\"es\",\"@id\":\"https:\\\/\\\/lorenzoc.cl\\\/index.php\\\/producto\\\/termo-acero-inoxidable-1-9-litros\\\/#primaryimage\",\"url\":\"https:\\\/\\\/lorenzoc.cl\\\/wp-content\\\/uploads\\\/2025\\\/10\\\/D_NQ_NP_859733-MLU82450000458_022025-O.webp\",\"contentUrl\":\"https:\\\/\\\/lorenzoc.cl\\\/wp-content\\\/uploads\\\/2025\\\/10\\\/D_NQ_NP_859733-MLU82450000458_022025-O.webp\",\"width\":357,\"height\":500},{\"@type\":\"BreadcrumbList\",\"@id\":\"https:\\\/\\\/lorenzoc.cl\\\/index.php\\\/producto\\\/termo-acero-inoxidable-1-9-litros\\\/#breadcrumb\",\"itemListElement\":[{\"@type\":\"ListItem\",\"position\":1,\"name\":\"Portada\",\"item\":\"https:\\\/\\\/lorenzoc.cl\\\/\"},{\"@type\":\"ListItem\",\"position\":2,\"name\":\"Tienda\",\"item\":\"https:\\\/\\\/lorenzoc.cl\\\/\"},{\"@type\":\"ListItem\",\"position\":3,\"name\":\"Termo Acero Inoxidable 1.9 Litros con Sif\u00f3n\"}]},{\"@type\":\"WebSite\",\"@id\":\"https:\\\/\\\/lorenzoc.cl\\\/#website\",\"url\":\"https:\\\/\\\/lorenzoc.cl\\\/\",\"name\":\"Lorenzo Roasting Coffee\",\"description\":\"Un equipo de tostaduria de caf\u00e9 de especialidad\",\"potentialAction\":[{\"@type\":\"SearchAction\",\"target\":{\"@type\":\"EntryPoint\",\"urlTemplate\":\"https:\\\/\\\/lorenzoc.cl\\\/?s={search_term_string}\"},\"query-input\":{\"@type\":\"PropertyValueSpecification\",\"valueRequired\":true,\"valueName\":\"search_term_string\"}}],\"inLanguage\":\"es\"}]}<\/script>\n<!-- \/ Yoast SEO plugin. -->","yoast_head_json":{"title":"Termo Acero Inoxidable 1.9 Litros con Sif\u00f3n - Lorenzo Roasting Coffee","robots":{"index":"index","follow":"follow","max-snippet":"max-snippet:-1","max-image-preview":"max-image-preview:large","max-video-preview":"max-video-preview:-1"},"canonical":"https:\/\/lorenzoc.cl\/index.php\/producto\/termo-acero-inoxidable-1-9-litros\/","og_locale":"es_ES","og_type":"article","og_title":"Termo Acero Inoxidable 1.9 Litros con Sif\u00f3n - Lorenzo Roasting Coffee","og_description":"Termo de 1,9 L acero inoxidable\u00a0Mant\u00e9n tus bebidas a la temperatura perfecta por hasta 24 horas. Ideal para caf\u00e9, jugos o refrescos en reuniones, paseos o cenas familiares. Caracter\u00edsticas principales: Capacidad: 1,9 litros. Conserva fr\u00edo o calor hasta 24 horas. Exterior de acero inoxidable y tapa de ABS resistente. Bot\u00f3n dispensador con seguro on\/off. Sistema [&hellip;]","og_url":"https:\/\/lorenzoc.cl\/index.php\/producto\/termo-acero-inoxidable-1-9-litros\/","og_site_name":"Lorenzo Roasting Coffee","article_modified_time":"2025-10-01T22:46:12+00:00","og_image":[{"width":357,"height":500,"url":"https:\/\/lorenzoc.cl\/wp-content\/uploads\/2025\/10\/D_NQ_NP_859733-MLU82450000458_022025-O.webp","type":"image\/webp"}],"twitter_card":"summary_large_image","twitter_misc":{"Tiempo de lectura":"1 minuto"},"schema":{"@context":"https:\/\/schema.org","@graph":[{"@type":"WebPage","@id":"https:\/\/lorenzoc.cl\/index.php\/producto\/termo-acero-inoxidable-1-9-litros\/","url":"https:\/\/lorenzoc.cl\/index.php\/producto\/termo-acero-inoxidable-1-9-litros\/","name":"Termo Acero Inoxidable 1.9 Litros con Sif\u00f3n - Lorenzo Roasting Coffee","isPartOf":{"@id":"https:\/\/lorenzoc.cl\/#website"},"primaryImageOfPage":{"@id":"https:\/\/lorenzoc.cl\/index.php\/producto\/termo-acero-inoxidable-1-9-litros\/#primaryimage"},"image":{"@id":"https:\/\/lorenzoc.cl\/index.php\/producto\/termo-acero-inoxidable-1-9-litros\/#primaryimage"},"thumbnailUrl":"https:\/\/lorenzoc.cl\/wp-content\/uploads\/2025\/10\/D_NQ_NP_859733-MLU82450000458_022025-O.webp","datePublished":"2025-10-01T22:13:35+00:00","dateModified":"2025-10-01T22:46:12+00:00","breadcrumb":{"@id":"https:\/\/lorenzoc.cl\/index.php\/producto\/termo-acero-inoxidable-1-9-litros\/#breadcrumb"},"inLanguage":"es","potentialAction":[{"@type":"ReadAction","target":["https:\/\/lorenzoc.cl\/index.php\/producto\/termo-acero-inoxidable-1-9-litros\/"]}]},{"@type":"ImageObject","inLanguage":"es","@id":"https:\/\/lorenzoc.cl\/index.php\/producto\/termo-acero-inoxidable-1-9-litros\/#primaryimage","url":"https:\/\/lorenzoc.cl\/wp-content\/uploads\/2025\/10\/D_NQ_NP_859733-MLU82450000458_022025-O.webp","contentUrl":"https:\/\/lorenzoc.cl\/wp-content\/uploads\/2025\/10\/D_NQ_NP_859733-MLU82450000458_022025-O.webp","width":357,"height":500},{"@type":"BreadcrumbList","@id":"https:\/\/lorenzoc.cl\/index.php\/producto\/termo-acero-inoxidable-1-9-litros\/#breadcrumb","itemListElement":[{"@type":"ListItem","position":1,"name":"Portada","item":"https:\/\/lorenzoc.cl\/"},{"@type":"ListItem","position":2,"name":"Tienda","item":"https:\/\/lorenzoc.cl\/"},{"@type":"ListItem","position":3,"name":"Termo Acero Inoxidable 1.9 Litros con Sif\u00f3n"}]},{"@type":"WebSite","@id":"https:\/\/lorenzoc.cl\/#website","url":"https:\/\/lorenzoc.cl\/","name":"Lorenzo Roasting Coffee","description":"Un equipo de tostaduria de caf\u00e9 de especialidad","potentialAction":[{"@type":"SearchAction","target":{"@type":"EntryPoint","urlTemplate":"https:\/\/lorenzoc.cl\/?s={search_term_string}"},"query-input":{"@type":"PropertyValueSpecification","valueRequired":true,"valueName":"search_term_string"}}],"inLanguage":"es"}]}},"jetpack_sharing_enabled":true,"_links":{"self":[{"href":"https:\/\/lorenzoc.cl\/index.php\/wp-json\/wp\/v2\/product\/49","targetHints":{"allow":["GET"]}}],"collection":[{"href":"https:\/\/lorenzoc.cl\/index.php\/wp-json\/wp\/v2\/product"}],"about":[{"href":"https:\/\/lorenzoc.cl\/index.php\/wp-json\/wp\/v2\/types\/product"}],"replies":[{"embeddable":true,"href":"https:\/\/lorenzoc.cl\/index.php\/wp-json\/wp\/v2\/comments?post=49"}],"wp:featuredmedia":[{"embeddable":true,"href":"https:\/\/lorenzoc.cl\/index.php\/wp-json\/wp\/v2\/media\/50"}],"wp:attachment":[{"href":"https:\/\/lorenzoc.cl\/index.php\/wp-json\/wp\/v2\/media?parent=49"}],"wp:term":[{"taxonomy":"product_brand","embeddable":true,"href":"https:\/\/lorenzoc.cl\/index.php\/wp-json\/wp\/v2\/product_brand?post=49"},{"taxonomy":"product_cat","embeddable":true,"href":"https:\/\/lorenzoc.cl\/index.php\/wp-json\/wp\/v2\/product_cat?post=49"},{"taxonomy":"product_tag","embeddable":true,"href":"https:\/\/lorenzoc.cl\/index.php\/wp-json\/wp\/v2\/product_tag?post=49"}],"curies":[{"name":"wp","href":"https:\/\/api.w.org\/{rel}","templated":true}]}}