{"id":2,"date":"2025-07-03T00:04:04","date_gmt":"2025-07-03T00:04:04","guid":{"rendered":"https:\/\/lorenzoc.cl\/?page_id=2"},"modified":"2025-07-04T19:51:59","modified_gmt":"2025-07-04T19:51:59","slug":"sample-page","status":"publish","type":"page","link":"https:\/\/lorenzoc.cl\/index.php\/sample-page\/","title":{"rendered":"El caf\u00e9"},"content":{"rendered":"\n<p>Vive el sabor real del caf\u00e9<br>Cada bolsa de 250 gramos de nuestro caf\u00e9 en grano est\u00e1 cuidadosamente elaborada para que disfrutes una taza con aroma profundo y sabor aut\u00e9ntico, como debe ser.<\/p>\n\n\n\n<p>Seleccionamos granos cultivados en fincas de altura, donde el clima y la tierra f\u00e9rtil dan como resultado un caf\u00e9 de gran car\u00e1cter. Recolectamos a mano solo los granos maduros y los tostamos con dedicaci\u00f3n para resaltar sus notas naturales.<\/p>\n\n\n\n<p>Al abrir la bolsa sentir\u00e1s ese aroma inconfundible que invita a prepararlo al instante. En cada taza encontrar\u00e1s un caf\u00e9 de cuerpo medio, con notas de chocolate oscuro, frutas maduras y un toque suave de nuez. Ideal para acompa\u00f1arte en tus momentos del d\u00eda.<\/p>\n\n\n\n<p>Nuestro caf\u00e9 es perfecto para quienes disfrutan el sabor genuino y buscan calidad sin complicaciones, ya sea en la rutina diaria o en una pausa especial.<\/p>\n","protected":false},"excerpt":{"rendered":"<p>Vive el sabor real del caf\u00e9Cada bolsa de 250 gramos de nuestro caf\u00e9 en grano est\u00e1 cuidadosamente elaborada para que disfrutes una taza con aroma profundo y sabor aut\u00e9ntico, como debe ser. Seleccionamos granos cultivados en fincas de altura, donde el clima y la tierra f\u00e9rtil dan como resultado un caf\u00e9 de gran car\u00e1cter. Recolectamos [&hellip;]<\/p>\n","protected":false},"author":1,"featured_media":0,"parent":0,"menu_order":0,"comment_status":"closed","ping_status":"open","template":"","meta":{"footnotes":""},"class_list":["post-2","page","type-page","status-publish","hentry"],"yoast_head":"<!-- This site is optimized with the Yoast SEO plugin v27.3 - https:\/\/yoast.com\/product\/yoast-seo-wordpress\/ -->\n<title>El caf\u00e9 - Lorenzo Roasting Coffee<\/title>\n<meta name=\"robots\" content=\"index, follow, max-snippet:-1, max-image-preview:large, max-video-preview:-1\" \/>\n<link rel=\"canonical\" href=\"https:\/\/lorenzoc.cl\/index.php\/sample-page\/\" \/>\n<meta property=\"og:locale\" content=\"es_ES\" \/>\n<meta property=\"og:type\" content=\"article\" \/>\n<meta property=\"og:title\" content=\"El caf\u00e9 - Lorenzo Roasting Coffee\" \/>\n<meta property=\"og:description\" content=\"Vive el sabor real del caf\u00e9Cada bolsa de 250 gramos de nuestro caf\u00e9 en grano est\u00e1 cuidadosamente elaborada para que disfrutes una taza con aroma profundo y sabor aut\u00e9ntico, como debe ser. Seleccionamos granos cultivados en fincas de altura, donde el clima y la tierra f\u00e9rtil dan como resultado un caf\u00e9 de gran car\u00e1cter. Recolectamos [&hellip;]\" \/>\n<meta property=\"og:url\" content=\"https:\/\/lorenzoc.cl\/index.php\/sample-page\/\" \/>\n<meta property=\"og:site_name\" content=\"Lorenzo Roasting Coffee\" \/>\n<meta property=\"article:modified_time\" content=\"2025-07-04T19:51:59+00:00\" \/>\n<meta name=\"twitter:card\" content=\"summary_large_image\" \/>\n<meta name=\"twitter:label1\" content=\"Tiempo de lectura\" \/>\n\t<meta name=\"twitter:data1\" content=\"1 minuto\" \/>\n<script type=\"application\/ld+json\" class=\"yoast-schema-graph\">{\"@context\":\"https:\\\/\\\/schema.org\",\"@graph\":[{\"@type\":\"WebPage\",\"@id\":\"https:\\\/\\\/lorenzoc.cl\\\/index.php\\\/sample-page\\\/\",\"url\":\"https:\\\/\\\/lorenzoc.cl\\\/index.php\\\/sample-page\\\/\",\"name\":\"El caf\u00e9 - Lorenzo Roasting Coffee\",\"isPartOf\":{\"@id\":\"https:\\\/\\\/lorenzoc.cl\\\/#website\"},\"datePublished\":\"2025-07-03T00:04:04+00:00\",\"dateModified\":\"2025-07-04T19:51:59+00:00\",\"breadcrumb\":{\"@id\":\"https:\\\/\\\/lorenzoc.cl\\\/index.php\\\/sample-page\\\/#breadcrumb\"},\"inLanguage\":\"es\",\"potentialAction\":[{\"@type\":\"ReadAction\",\"target\":[\"https:\\\/\\\/lorenzoc.cl\\\/index.php\\\/sample-page\\\/\"]}]},{\"@type\":\"BreadcrumbList\",\"@id\":\"https:\\\/\\\/lorenzoc.cl\\\/index.php\\\/sample-page\\\/#breadcrumb\",\"itemListElement\":[{\"@type\":\"ListItem\",\"position\":1,\"name\":\"Portada\",\"item\":\"https:\\\/\\\/lorenzoc.cl\\\/\"},{\"@type\":\"ListItem\",\"position\":2,\"name\":\"El caf\u00e9\"}]},{\"@type\":\"WebSite\",\"@id\":\"https:\\\/\\\/lorenzoc.cl\\\/#website\",\"url\":\"https:\\\/\\\/lorenzoc.cl\\\/\",\"name\":\"Lorenzo Roasting Coffee\",\"description\":\"Un equipo de tostaduria de caf\u00e9 de especialidad\",\"potentialAction\":[{\"@type\":\"SearchAction\",\"target\":{\"@type\":\"EntryPoint\",\"urlTemplate\":\"https:\\\/\\\/lorenzoc.cl\\\/?s={search_term_string}\"},\"query-input\":{\"@type\":\"PropertyValueSpecification\",\"valueRequired\":true,\"valueName\":\"search_term_string\"}}],\"inLanguage\":\"es\"}]}<\/script>\n<!-- \/ Yoast SEO plugin. -->","yoast_head_json":{"title":"El caf\u00e9 - Lorenzo Roasting Coffee","robots":{"index":"index","follow":"follow","max-snippet":"max-snippet:-1","max-image-preview":"max-image-preview:large","max-video-preview":"max-video-preview:-1"},"canonical":"https:\/\/lorenzoc.cl\/index.php\/sample-page\/","og_locale":"es_ES","og_type":"article","og_title":"El caf\u00e9 - Lorenzo Roasting Coffee","og_description":"Vive el sabor real del caf\u00e9Cada bolsa de 250 gramos de nuestro caf\u00e9 en grano est\u00e1 cuidadosamente elaborada para que disfrutes una taza con aroma profundo y sabor aut\u00e9ntico, como debe ser. Seleccionamos granos cultivados en fincas de altura, donde el clima y la tierra f\u00e9rtil dan como resultado un caf\u00e9 de gran car\u00e1cter. Recolectamos [&hellip;]","og_url":"https:\/\/lorenzoc.cl\/index.php\/sample-page\/","og_site_name":"Lorenzo Roasting Coffee","article_modified_time":"2025-07-04T19:51:59+00:00","twitter_card":"summary_large_image","twitter_misc":{"Tiempo de lectura":"1 minuto"},"schema":{"@context":"https:\/\/schema.org","@graph":[{"@type":"WebPage","@id":"https:\/\/lorenzoc.cl\/index.php\/sample-page\/","url":"https:\/\/lorenzoc.cl\/index.php\/sample-page\/","name":"El caf\u00e9 - Lorenzo Roasting Coffee","isPartOf":{"@id":"https:\/\/lorenzoc.cl\/#website"},"datePublished":"2025-07-03T00:04:04+00:00","dateModified":"2025-07-04T19:51:59+00:00","breadcrumb":{"@id":"https:\/\/lorenzoc.cl\/index.php\/sample-page\/#breadcrumb"},"inLanguage":"es","potentialAction":[{"@type":"ReadAction","target":["https:\/\/lorenzoc.cl\/index.php\/sample-page\/"]}]},{"@type":"BreadcrumbList","@id":"https:\/\/lorenzoc.cl\/index.php\/sample-page\/#breadcrumb","itemListElement":[{"@type":"ListItem","position":1,"name":"Portada","item":"https:\/\/lorenzoc.cl\/"},{"@type":"ListItem","position":2,"name":"El caf\u00e9"}]},{"@type":"WebSite","@id":"https:\/\/lorenzoc.cl\/#website","url":"https:\/\/lorenzoc.cl\/","name":"Lorenzo Roasting Coffee","description":"Un equipo de tostaduria de caf\u00e9 de especialidad","potentialAction":[{"@type":"SearchAction","target":{"@type":"EntryPoint","urlTemplate":"https:\/\/lorenzoc.cl\/?s={search_term_string}"},"query-input":{"@type":"PropertyValueSpecification","valueRequired":true,"valueName":"search_term_string"}}],"inLanguage":"es"}]}},"jetpack_sharing_enabled":true,"_links":{"self":[{"href":"https:\/\/lorenzoc.cl\/index.php\/wp-json\/wp\/v2\/pages\/2","targetHints":{"allow":["GET"]}}],"collection":[{"href":"https:\/\/lorenzoc.cl\/index.php\/wp-json\/wp\/v2\/pages"}],"about":[{"href":"https:\/\/lorenzoc.cl\/index.php\/wp-json\/wp\/v2\/types\/page"}],"author":[{"embeddable":true,"href":"https:\/\/lorenzoc.cl\/index.php\/wp-json\/wp\/v2\/users\/1"}],"replies":[{"embeddable":true,"href":"https:\/\/lorenzoc.cl\/index.php\/wp-json\/wp\/v2\/comments?post=2"}],"version-history":[{"count":1,"href":"https:\/\/lorenzoc.cl\/index.php\/wp-json\/wp\/v2\/pages\/2\/revisions"}],"predecessor-version":[{"id":22,"href":"https:\/\/lorenzoc.cl\/index.php\/wp-json\/wp\/v2\/pages\/2\/revisions\/22"}],"wp:attachment":[{"href":"https:\/\/lorenzoc.cl\/index.php\/wp-json\/wp\/v2\/media?parent=2"}],"curies":[{"name":"wp","href":"https:\/\/api.w.org\/{rel}","templated":true}]}}